{"id":4723,"date":"2022-02-21T12:31:57","date_gmt":"2022-02-21T12:31:57","guid":{"rendered":"https:\/\/becreative.ee\/?post_type=product&#038;p=4723"},"modified":"2025-04-26T13:00:47","modified_gmt":"2025-04-26T13:00:47","slug":"betoon-kasitooks-1kg","status":"publish","type":"product","link":"https:\/\/becreative.ee\/en\/product\/betoon-kasitooks-1kg\/","title":{"rendered":"Betoon k\u00e4sit\u00f6\u00f6ks 1kg"},"content":{"rendered":"<p>Rayheri betoon on v\u00e4hetolmuv, v\u00e4lja t\u00f6\u00f6tatud spetsiaalselt koduste detailide loomiseks. Betoon on ilmastiku- ja k\u00fclmakindel. Betooni kasutamise v\u00f5imalused on piiramatud: kausid, alused, k\u00fc\u00fcnlajalad, erinevad kujud jne. Pakendis 1kg.<\/p>\n<p>&nbsp;<\/p>\n<p>Kasutamine:<\/p>\n<p>Sega betoon veega (1 osa vett, 10 osa betooni). Enne betooni vormi valamist t\u00f6\u00f6tle vormi hoolikalt toidu\u00f5liga. Lase betoonil olenevalt t\u00f6\u00f6 suurusest 8 &#8211; 24h kuivada. Valmis t\u00f6\u00f6d on v\u00f5imalik v\u00e4rvida v\u00f5i lisada sellele muid kaunistusi. V\u00e4rvimiseks sobib v\u00e4ga h\u00e4sti Chalky Finish kriidiv\u00e4rv.<\/p>","protected":false},"excerpt":{"rendered":"<p>Rayheri betoon on v\u00e4hetolmuv, v\u00e4lja t\u00f6\u00f6tatud spetsiaalselt koduste detailide loomiseks. Betoon on ilmastiku- ja k\u00fclmakindel. Betooni kasutamise v\u00f5imalused on piiramatud: kausid, alused, k\u00fc\u00fcnlajalad, erinevad kujud jne. Pakendis 1kg.<\/p>","protected":false},"featured_media":4738,"template":"","meta":[],"product_brand":[],"product_cat":[1067,263,1051,1062],"product_tag":[],"class_list":{"0":"post-4723","1":"product","2":"type-product","3":"status-publish","4":"has-post-thumbnail","6":"product_cat-betoon","7":"product_cat-brandid","8":"product_cat-rayher","9":"product_cat-valamistood-voolimine","11":"first","12":"instock","13":"taxable","14":"shipping-taxable","15":"purchasable","16":"product-type-simple"},"jetpack_sharing_enabled":true,"_links":{"self":[{"href":"https:\/\/becreative.ee\/en\/wp-json\/wp\/v2\/product\/4723","targetHints":{"allow":["GET"]}}],"collection":[{"href":"https:\/\/becreative.ee\/en\/wp-json\/wp\/v2\/product"}],"about":[{"href":"https:\/\/becreative.ee\/en\/wp-json\/wp\/v2\/types\/product"}],"version-history":[{"count":1,"href":"https:\/\/becreative.ee\/en\/wp-json\/wp\/v2\/product\/4723\/revisions"}],"predecessor-version":[{"id":4725,"href":"https:\/\/becreative.ee\/en\/wp-json\/wp\/v2\/product\/4723\/revisions\/4725"}],"wp:featuredmedia":[{"embeddable":true,"href":"https:\/\/becreative.ee\/en\/wp-json\/wp\/v2\/media\/4738"}],"wp:attachment":[{"href":"https:\/\/becreative.ee\/en\/wp-json\/wp\/v2\/media?parent=4723"}],"wp:term":[{"taxonomy":"product_brand","embeddable":true,"href":"https:\/\/becreative.ee\/en\/wp-json\/wp\/v2\/product_brand?post=4723"},{"taxonomy":"product_cat","embeddable":true,"href":"https:\/\/becreative.ee\/en\/wp-json\/wp\/v2\/product_cat?post=4723"},{"taxonomy":"product_tag","embeddable":true,"href":"https:\/\/becreative.ee\/en\/wp-json\/wp\/v2\/product_tag?post=4723"}],"curies":[{"name":"wp","href":"https:\/\/api.w.org\/{rel}","templated":true}]}}