{"id":4726,"date":"2022-02-21T12:33:48","date_gmt":"2022-02-21T12:33:48","guid":{"rendered":"https:\/\/becreative.ee\/?post_type=product&#038;p=4726"},"modified":"2023-11-24T05:23:25","modified_gmt":"2023-11-24T05:23:25","slug":"betoonist-kausi-valmistamise-komplekt","status":"publish","type":"product","link":"https:\/\/becreative.ee\/en\/product\/betoonist-kausi-valmistamise-komplekt\/","title":{"rendered":"Betoonist kausi valmistamise komplekt"},"content":{"rendered":"<p>Suurep\u00e4rane komplekt neile, kes soovivad proovida teha midagi betoonist. Komplekt sisaldab k\u00f5ike, mida on tarvis ilusa 10cm l\u00e4bim\u00f5\u00f5duga kausi valmistamiseks: 250g betooni, plastikust poolkerasid (10cm ning 7cm), puidust spaatlit ning plastikust \u00e4mbrit betooni segamiseks.<\/p>\n<p>&nbsp;<\/p>\n<p>Kasutamine:<\/p>\n<p>Sega betoon veega (1 osa vett, 10 osa betooni). Enne betooni vormi valamist t\u00f6\u00f6tle vormi hoolikalt toidu\u00f5liga. Vala betoon suuremasse vormi ja aseta selle sisse v\u00e4iksem vorm. V\u00e4iksemasse vormi vala raskuseks kivikesi, et vorm \u00f5igesse kohta j\u00e4\u00e4ks. Lase kuivada ning v\u00f5ta kauss vormist v\u00e4lja.<\/p>","protected":false},"excerpt":{"rendered":"<p>Suurep\u00e4rane komplekt neile, kes soovivad proovida teha midagi betoonist. Komplekt sisaldab k\u00f5ike, mida on tarvis ilusa 10cm l\u00e4bim\u00f5\u00f5duga kausi valmistamiseks: 250g betooni, plastikust poolkerasid (10cm ning 7cm), puidust spaatlit ning plastikust \u00e4mbrit betooni segamiseks.<\/p>","protected":false},"featured_media":4739,"template":"","meta":[],"product_brand":[],"product_cat":[263,1068,1051,1062],"product_tag":[],"class_list":{"0":"post-4726","1":"product","2":"type-product","3":"status-publish","4":"has-post-thumbnail","6":"product_cat-brandid","7":"product_cat-komplektid-tood-betooniga","8":"product_cat-rayher","9":"product_cat-valamistood-voolimine","11":"first","12":"instock","13":"taxable","14":"shipping-taxable","15":"purchasable","16":"product-type-simple"},"jetpack_sharing_enabled":true,"_links":{"self":[{"href":"https:\/\/becreative.ee\/en\/wp-json\/wp\/v2\/product\/4726","targetHints":{"allow":["GET"]}}],"collection":[{"href":"https:\/\/becreative.ee\/en\/wp-json\/wp\/v2\/product"}],"about":[{"href":"https:\/\/becreative.ee\/en\/wp-json\/wp\/v2\/types\/product"}],"version-history":[{"count":2,"href":"https:\/\/becreative.ee\/en\/wp-json\/wp\/v2\/product\/4726\/revisions"}],"predecessor-version":[{"id":4745,"href":"https:\/\/becreative.ee\/en\/wp-json\/wp\/v2\/product\/4726\/revisions\/4745"}],"wp:featuredmedia":[{"embeddable":true,"href":"https:\/\/becreative.ee\/en\/wp-json\/wp\/v2\/media\/4739"}],"wp:attachment":[{"href":"https:\/\/becreative.ee\/en\/wp-json\/wp\/v2\/media?parent=4726"}],"wp:term":[{"taxonomy":"product_brand","embeddable":true,"href":"https:\/\/becreative.ee\/en\/wp-json\/wp\/v2\/product_brand?post=4726"},{"taxonomy":"product_cat","embeddable":true,"href":"https:\/\/becreative.ee\/en\/wp-json\/wp\/v2\/product_cat?post=4726"},{"taxonomy":"product_tag","embeddable":true,"href":"https:\/\/becreative.ee\/en\/wp-json\/wp\/v2\/product_tag?post=4726"}],"curies":[{"name":"wp","href":"https:\/\/api.w.org\/{rel}","templated":true}]}}