{"id":4751,"date":"2022-02-21T12:41:15","date_gmt":"2022-02-21T12:41:15","guid":{"rendered":"https:\/\/becreative.ee\/?post_type=product&#038;p=4751"},"modified":"2025-03-02T17:15:40","modified_gmt":"2025-03-02T17:15:40","slug":"labipaistev-seebimass","status":"publish","type":"product","link":"https:\/\/becreative.ee\/en\/product\/labipaistev-seebimass\/","title":{"rendered":"L\u00e4bipaistev seebimass"},"content":{"rendered":"<p>Soovides valmistada endale v\u00f5i kingituseks eriline l\u00e4bipaistev seep on just see toode \u00f5ige valik. Seep on loomsete rasvade ja \u00f5lide vaba ning on valmistatud ilma loomkatseteta. Samuti on seep dermatoloogiliselt testitud ning k\u00f5ik koostisosad on deklareeritud vastavalt kosmeetikam\u00e4\u00e4rusele (KVO). Kaal 200g. V\u00e4rvus: l\u00e4bipaistev.<\/p>\n<p>&nbsp;<\/p>\n<p>Valmistamine:<\/p>\n<p>L\u00e4bipaistev seebiplokk sulatatakse veevannis ja segu valatakse soovitud vormi. Enne valamist v\u00f5ib soovi korral lisada seebile seebiv\u00e4rve, seebi l\u00f5hnasid, hooldusvahendeid, aaloed, lilli v\u00f5i \u00fcrte. Peale seebi tahkumist v\u00f5tke seep vormist v\u00e4lja.<\/p>","protected":false},"excerpt":{"rendered":"<p>Soovides valmistada endale v\u00f5i kingituseks eriline l\u00e4bipaistev seep on just see toode \u00f5ige valik. Seep on loomsete rasvade ja \u00f5lide vaba ning on valmistatud ilma loomkatseteta. Samuti on seep dermatoloogiliselt testitud ning k\u00f5ik koostisosad on deklareeritud vastavalt kosmeetikam\u00e4\u00e4rusele (KVO). Kaal 200g. V\u00e4rvus: l\u00e4bipaistev.<\/p>","protected":false},"featured_media":4754,"template":"","meta":[],"product_brand":[],"product_cat":[263,1051,1069,1071],"product_tag":[],"class_list":{"0":"post-4751","1":"product","2":"type-product","3":"status-publish","4":"has-post-thumbnail","6":"product_cat-brandid","7":"product_cat-rayher","8":"product_cat-seebi-valmistamine","9":"product_cat-seebimass","11":"first","12":"instock","13":"sale","14":"taxable","15":"shipping-taxable","16":"purchasable","17":"product-type-simple"},"jetpack_sharing_enabled":true,"_links":{"self":[{"href":"https:\/\/becreative.ee\/en\/wp-json\/wp\/v2\/product\/4751","targetHints":{"allow":["GET"]}}],"collection":[{"href":"https:\/\/becreative.ee\/en\/wp-json\/wp\/v2\/product"}],"about":[{"href":"https:\/\/becreative.ee\/en\/wp-json\/wp\/v2\/types\/product"}],"version-history":[{"count":2,"href":"https:\/\/becreative.ee\/en\/wp-json\/wp\/v2\/product\/4751\/revisions"}],"predecessor-version":[{"id":4756,"href":"https:\/\/becreative.ee\/en\/wp-json\/wp\/v2\/product\/4751\/revisions\/4756"}],"wp:featuredmedia":[{"embeddable":true,"href":"https:\/\/becreative.ee\/en\/wp-json\/wp\/v2\/media\/4754"}],"wp:attachment":[{"href":"https:\/\/becreative.ee\/en\/wp-json\/wp\/v2\/media?parent=4751"}],"wp:term":[{"taxonomy":"product_brand","embeddable":true,"href":"https:\/\/becreative.ee\/en\/wp-json\/wp\/v2\/product_brand?post=4751"},{"taxonomy":"product_cat","embeddable":true,"href":"https:\/\/becreative.ee\/en\/wp-json\/wp\/v2\/product_cat?post=4751"},{"taxonomy":"product_tag","embeddable":true,"href":"https:\/\/becreative.ee\/en\/wp-json\/wp\/v2\/product_tag?post=4751"}],"curies":[{"name":"wp","href":"https:\/\/api.w.org\/{rel}","templated":true}]}}