{"id":4761,"date":"2022-02-21T12:47:00","date_gmt":"2022-02-21T12:47:00","guid":{"rendered":"https:\/\/becreative.ee\/?post_type=product&#038;p=4761"},"modified":"2026-02-26T13:02:40","modified_gmt":"2026-02-26T13:02:40","slug":"valamissegu-raysin-100","status":"publish","type":"product","link":"https:\/\/becreative.ee\/en\/product\/valamissegu-raysin-100\/","title":{"rendered":"Valamissegu Raysin 100"},"content":{"rendered":"<p>Valamissegu on kvaliteetne ja tugev (120 N\/qm), seega sobib see h\u00e4sti v\u00e4iksemate esemete valmistamiseks. Valmis t\u00f6\u00f6 j\u00e4\u00e4b valge ja sile. Sobib kasutada plastikust, silikoonist, kummist valmistatud vormidega. Pakendis 400g. V\u00e4rvus: valge.<\/p>\n<p>&nbsp;<\/p>\n<p>Kasutamine:<\/p>\n<p>Sega pulber veega (1 osa vett, 2,5 osa pulbrit). Vala vormi ja lase 30min kuivada. Emmalda kuju vormist. 160ml vett + 400g pulbrit = 300ml segu.<\/p>","protected":false},"excerpt":{"rendered":"<p>Valamissegu on kvaliteetne ja tugev (120 N\/qm), seega sobib see h\u00e4sti v\u00e4iksemate esemete valmistamiseks. Valmis t\u00f6\u00f6 j\u00e4\u00e4b valge ja sile. Sobib kasutada plastikust, silikoonist, kummist valmistatud vormidega. Pakendis 400g. V\u00e4rvus: valge.<\/p>","protected":false},"featured_media":4762,"template":"","meta":[],"product_brand":[],"product_cat":[263,1051,1072,1062],"product_tag":[],"class_list":{"0":"post-4761","1":"product","2":"type-product","3":"status-publish","4":"has-post-thumbnail","6":"product_cat-brandid","7":"product_cat-rayher","8":"product_cat-valamissegud","9":"product_cat-valamistood-voolimine","11":"first","12":"instock","13":"taxable","14":"shipping-taxable","15":"purchasable","16":"product-type-simple"},"jetpack_sharing_enabled":true,"_links":{"self":[{"href":"https:\/\/becreative.ee\/en\/wp-json\/wp\/v2\/product\/4761","targetHints":{"allow":["GET"]}}],"collection":[{"href":"https:\/\/becreative.ee\/en\/wp-json\/wp\/v2\/product"}],"about":[{"href":"https:\/\/becreative.ee\/en\/wp-json\/wp\/v2\/types\/product"}],"version-history":[{"count":3,"href":"https:\/\/becreative.ee\/en\/wp-json\/wp\/v2\/product\/4761\/revisions"}],"predecessor-version":[{"id":4831,"href":"https:\/\/becreative.ee\/en\/wp-json\/wp\/v2\/product\/4761\/revisions\/4831"}],"wp:featuredmedia":[{"embeddable":true,"href":"https:\/\/becreative.ee\/en\/wp-json\/wp\/v2\/media\/4762"}],"wp:attachment":[{"href":"https:\/\/becreative.ee\/en\/wp-json\/wp\/v2\/media?parent=4761"}],"wp:term":[{"taxonomy":"product_brand","embeddable":true,"href":"https:\/\/becreative.ee\/en\/wp-json\/wp\/v2\/product_brand?post=4761"},{"taxonomy":"product_cat","embeddable":true,"href":"https:\/\/becreative.ee\/en\/wp-json\/wp\/v2\/product_cat?post=4761"},{"taxonomy":"product_tag","embeddable":true,"href":"https:\/\/becreative.ee\/en\/wp-json\/wp\/v2\/product_tag?post=4761"}],"curies":[{"name":"wp","href":"https:\/\/api.w.org\/{rel}","templated":true}]}}