{"id":4767,"date":"2022-02-21T13:30:53","date_gmt":"2022-02-21T13:30:53","guid":{"rendered":"https:\/\/becreative.ee\/?post_type=product&#038;p=4767"},"modified":"2024-08-14T18:08:13","modified_gmt":"2024-08-14T18:08:13","slug":"ehte-vorm-ring","status":"publish","type":"product","link":"https:\/\/becreative.ee\/en\/product\/ehte-vorm-ring\/","title":{"rendered":"Ehte vorm Ring"},"content":{"rendered":"<p>LPDE-st valmistatud elastne, korduvkasutatav vorm, mida saab kasutada betooni, seebi, \u0161okolaadi, vaha ning valamissegu valamiseks. Pisikese vormiga on v\u00f5imalik valmistada ehteid, maiustusi, seepe, kaunistuste detaile jne. Vormi diameeter 5,5cm, s\u00fcgavus 1,7cm.<\/p>","protected":false},"excerpt":{"rendered":"<p>LPDE-st valmistatud elastne, korduvkasutatav vorm, mida saab kasutada betooni, seebi, \u0161okolaadi, vaha ning valamissegu valamiseks. Pisikese vormiga on v\u00f5imalik valmistada ehteid, maiustusi, seepe, kaunistuste detaile jne. Vormi diameeter 5,5cm, s\u00fcgavus 1,7cm.<\/p>","protected":false},"featured_media":4770,"template":"","meta":[],"product_brand":[],"product_cat":[263,1051,1069,1062,1063,1070],"product_tag":[],"class_list":{"0":"post-4767","1":"product","2":"type-product","3":"status-publish","4":"has-post-thumbnail","6":"product_cat-brandid","7":"product_cat-rayher","8":"product_cat-seebi-valmistamine","9":"product_cat-valamistood-voolimine","10":"product_cat-vormid-tood-betooniga","11":"product_cat-vormid-seebi-valmistamine","13":"first","14":"instock","15":"taxable","16":"shipping-taxable","17":"purchasable","18":"product-type-simple"},"jetpack_sharing_enabled":true,"_links":{"self":[{"href":"https:\/\/becreative.ee\/en\/wp-json\/wp\/v2\/product\/4767","targetHints":{"allow":["GET"]}}],"collection":[{"href":"https:\/\/becreative.ee\/en\/wp-json\/wp\/v2\/product"}],"about":[{"href":"https:\/\/becreative.ee\/en\/wp-json\/wp\/v2\/types\/product"}],"version-history":[{"count":4,"href":"https:\/\/becreative.ee\/en\/wp-json\/wp\/v2\/product\/4767\/revisions"}],"predecessor-version":[{"id":4897,"href":"https:\/\/becreative.ee\/en\/wp-json\/wp\/v2\/product\/4767\/revisions\/4897"}],"wp:featuredmedia":[{"embeddable":true,"href":"https:\/\/becreative.ee\/en\/wp-json\/wp\/v2\/media\/4770"}],"wp:attachment":[{"href":"https:\/\/becreative.ee\/en\/wp-json\/wp\/v2\/media?parent=4767"}],"wp:term":[{"taxonomy":"product_brand","embeddable":true,"href":"https:\/\/becreative.ee\/en\/wp-json\/wp\/v2\/product_brand?post=4767"},{"taxonomy":"product_cat","embeddable":true,"href":"https:\/\/becreative.ee\/en\/wp-json\/wp\/v2\/product_cat?post=4767"},{"taxonomy":"product_tag","embeddable":true,"href":"https:\/\/becreative.ee\/en\/wp-json\/wp\/v2\/product_tag?post=4767"}],"curies":[{"name":"wp","href":"https:\/\/api.w.org\/{rel}","templated":true}]}}