{"id":4772,"date":"2022-02-17T12:36:41","date_gmt":"2022-02-17T12:36:41","guid":{"rendered":"https:\/\/becreative.ee\/?post_type=product&#038;p=4772"},"modified":"2022-02-17T12:36:42","modified_gmt":"2022-02-17T12:36:42","slug":"digitaalne-fail-eesti-muster","status":"publish","type":"product","link":"https:\/\/becreative.ee\/en\/product\/digitaalne-fail-eesti-muster\/","title":{"rendered":"Digitaalne fail Eesti muster"},"content":{"rendered":"<p>Digitaalne fail on png fail, mis saadetakse ostja poolt esitatud e-posti aadressile. Faili on v\u00f5imalik kasutada erinevateks k\u00e4sit\u00f6\u00f6projektideks. N\u00e4iteks v\u00f5ib seda spetsiaalse masina abil vin\u00fc\u00fclist v\u00f5i kuumpresskilest v\u00e4lja l\u00f5igata ja kasutada vastavalt valitud materjalile. Vin\u00fc\u00fclist v\u00e4lja l\u00f5igatud kujundust v\u00f5ib kasutada omakorda \u0161abloonina siiditr\u00fckiks. Faili v\u00f5ib kasutada isiklikuks otstarbeks. Faili ei v\u00f5i edasi m\u00fc\u00fca ega jagada, kuid m\u00fc\u00fca v\u00f5ib toodet (kotti, p\u00f5lle, puidust kaunistust jne), mille osana l\u00f5igatud faili on kasutatud.<\/p>","protected":false},"excerpt":{"rendered":"<p>Digitaalne fail on png fail, mis saadetakse ostja poolt esitatud e-posti aadressile. Faili on v\u00f5imalik kasutada erinevateks k\u00e4sit\u00f6\u00f6projektideks. N\u00e4iteks v\u00f5ib seda spetsiaalse masina abil vin\u00fc\u00fclist v\u00f5i kuumpresskilest v\u00e4lja l\u00f5igata ja kasutada vastavalt valitud materjalile. Vin\u00fc\u00fclist v\u00e4lja l\u00f5igatud kujundust v\u00f5ib kasutada omakorda \u0161abloonina siiditr\u00fckiks. Faili v\u00f5ib kasutada isiklikuks otstarbeks. Faili ei v\u00f5i edasi m\u00fc\u00fca ega jagada, kuid m\u00fc\u00fca v\u00f5ib toodet (kotti, p\u00f5lle, puidust kaunistust jne), mille osana l\u00f5igatud faili on kasutatud.<\/p>","protected":false},"featured_media":4773,"template":"","meta":[],"product_brand":[],"product_cat":[908,871],"product_tag":[],"class_list":{"0":"post-4772","1":"product","2":"type-product","3":"status-publish","4":"has-post-thumbnail","6":"product_cat-digitaalsed-failid-loikuseks","7":"product_cat-vahendid-loikemasinatele","9":"first","10":"instock","11":"virtual","12":"taxable","13":"purchasable","14":"product-type-simple"},"jetpack_sharing_enabled":true,"_links":{"self":[{"href":"https:\/\/becreative.ee\/en\/wp-json\/wp\/v2\/product\/4772","targetHints":{"allow":["GET"]}}],"collection":[{"href":"https:\/\/becreative.ee\/en\/wp-json\/wp\/v2\/product"}],"about":[{"href":"https:\/\/becreative.ee\/en\/wp-json\/wp\/v2\/types\/product"}],"version-history":[{"count":1,"href":"https:\/\/becreative.ee\/en\/wp-json\/wp\/v2\/product\/4772\/revisions"}],"predecessor-version":[{"id":4774,"href":"https:\/\/becreative.ee\/en\/wp-json\/wp\/v2\/product\/4772\/revisions\/4774"}],"wp:featuredmedia":[{"embeddable":true,"href":"https:\/\/becreative.ee\/en\/wp-json\/wp\/v2\/media\/4773"}],"wp:attachment":[{"href":"https:\/\/becreative.ee\/en\/wp-json\/wp\/v2\/media?parent=4772"}],"wp:term":[{"taxonomy":"product_brand","embeddable":true,"href":"https:\/\/becreative.ee\/en\/wp-json\/wp\/v2\/product_brand?post=4772"},{"taxonomy":"product_cat","embeddable":true,"href":"https:\/\/becreative.ee\/en\/wp-json\/wp\/v2\/product_cat?post=4772"},{"taxonomy":"product_tag","embeddable":true,"href":"https:\/\/becreative.ee\/en\/wp-json\/wp\/v2\/product_tag?post=4772"}],"curies":[{"name":"wp","href":"https:\/\/api.w.org\/{rel}","templated":true}]}}