{"id":4775,"date":"2022-02-21T11:34:11","date_gmt":"2022-02-21T11:34:11","guid":{"rendered":"https:\/\/becreative.ee\/?post_type=product&#038;p=4775"},"modified":"2022-02-21T11:34:11","modified_gmt":"2022-02-21T11:34:11","slug":"ummargune-betoonivorm-25cm","status":"publish","type":"product","link":"https:\/\/becreative.ee\/en\/product\/ummargune-betoonivorm-25cm\/","title":{"rendered":"\u00dcmmargune betoonivorm 25cm"},"content":{"rendered":"<p>Vorm on spetsiaalselt v\u00e4lja t\u00f6\u00f6tatud valamissegu ja betooni valamiseks. PET-ist valmistatud vorm on l\u00e4bipaistev ja korduvkasutatav. Eriti toreda tulemuse saab kombineerides teiste vormidega. \u00c4ra unusta vormi enne kasutamist toidu\u00f5liga t\u00f6\u00f6delda. Vormi diameeter 25cm, s\u00fcgavus 4cm. Vorm mahutab maksimaalselt 3 400g segu.<\/p>","protected":false},"excerpt":{"rendered":"<p>Vorm on spetsiaalselt v\u00e4lja t\u00f6\u00f6tatud valamissegu ja betooni valamiseks. PET-ist valmistatud vorm on l\u00e4bipaistev ja korduvkasutatav. Eriti toreda tulemuse saab kombineerides teiste vormidega. \u00c4ra unusta vormi enne kasutamist toidu\u00f5liga t\u00f6\u00f6delda. Vormi diameeter 25cm, s\u00fcgavus 4cm. Vorm mahutab maksimaalselt 3 400g segu.<\/p>","protected":false},"featured_media":4777,"template":"","meta":[],"product_brand":[],"product_cat":[263,1051,1062,1063],"product_tag":[],"class_list":{"0":"post-4775","1":"product","2":"type-product","3":"status-publish","4":"has-post-thumbnail","6":"product_cat-brandid","7":"product_cat-rayher","8":"product_cat-valamistood-voolimine","9":"product_cat-vormid-tood-betooniga","11":"first","12":"instock","13":"taxable","14":"shipping-taxable","15":"purchasable","16":"product-type-simple"},"jetpack_sharing_enabled":true,"_links":{"self":[{"href":"https:\/\/becreative.ee\/en\/wp-json\/wp\/v2\/product\/4775","targetHints":{"allow":["GET"]}}],"collection":[{"href":"https:\/\/becreative.ee\/en\/wp-json\/wp\/v2\/product"}],"about":[{"href":"https:\/\/becreative.ee\/en\/wp-json\/wp\/v2\/types\/product"}],"version-history":[{"count":3,"href":"https:\/\/becreative.ee\/en\/wp-json\/wp\/v2\/product\/4775\/revisions"}],"predecessor-version":[{"id":4796,"href":"https:\/\/becreative.ee\/en\/wp-json\/wp\/v2\/product\/4775\/revisions\/4796"}],"wp:featuredmedia":[{"embeddable":true,"href":"https:\/\/becreative.ee\/en\/wp-json\/wp\/v2\/media\/4777"}],"wp:attachment":[{"href":"https:\/\/becreative.ee\/en\/wp-json\/wp\/v2\/media?parent=4775"}],"wp:term":[{"taxonomy":"product_brand","embeddable":true,"href":"https:\/\/becreative.ee\/en\/wp-json\/wp\/v2\/product_brand?post=4775"},{"taxonomy":"product_cat","embeddable":true,"href":"https:\/\/becreative.ee\/en\/wp-json\/wp\/v2\/product_cat?post=4775"},{"taxonomy":"product_tag","embeddable":true,"href":"https:\/\/becreative.ee\/en\/wp-json\/wp\/v2\/product_tag?post=4775"}],"curies":[{"name":"wp","href":"https:\/\/api.w.org\/{rel}","templated":true}]}}