{"id":4797,"date":"2022-02-21T11:41:48","date_gmt":"2022-02-21T11:41:48","guid":{"rendered":"https:\/\/becreative.ee\/?post_type=product&#038;p=4797"},"modified":"2023-11-25T00:02:08","modified_gmt":"2023-11-25T00:02:08","slug":"betoonivorm-taht-215x215cm","status":"publish","type":"product","link":"https:\/\/becreative.ee\/en\/product\/betoonivorm-taht-215x215cm\/","title":{"rendered":"Betoonivorm t\u00e4ht 21,5&#215;21,5cm"},"content":{"rendered":"<p>Vorm on spetsiaalselt v\u00e4lja t\u00f6\u00f6tatud valamissegu ja betooni valamiseks. PET-ist valmistatud vorm on l\u00e4bipaistev ja korduvkasutatav. Eriti toreda tulemuse saab kombineerides teiste vormidega. \u00c4ra unusta vormi enne kasutamist toidu\u00f5liga t\u00f6\u00f6delda. Vormi m\u00f5\u00f5dud on 21,5&#215;21,5cm, s\u00fcgavus 3,5cm. Vorm mahutab maksimaalselt 1 700g segu.<\/p>","protected":false},"excerpt":{"rendered":"<p>Vorm on spetsiaalselt v\u00e4lja t\u00f6\u00f6tatud valamissegu ja betooni valamiseks. PET-ist valmistatud vorm on l\u00e4bipaistev ja korduvkasutatav. Eriti toreda tulemuse saab kombineerides teiste vormidega. \u00c4ra unusta vormi enne kasutamist toidu\u00f5liga t\u00f6\u00f6delda. Vormi m\u00f5\u00f5dud on 21,5&#215;21,5cm, s\u00fcgavus 3,5cm. Vorm mahutab maksimaalselt 1 700g segu.<\/p>","protected":false},"featured_media":4798,"template":"","meta":[],"product_brand":[],"product_cat":[263,1051,1062,1063],"product_tag":[],"class_list":{"0":"post-4797","1":"product","2":"type-product","3":"status-publish","4":"has-post-thumbnail","6":"product_cat-brandid","7":"product_cat-rayher","8":"product_cat-valamistood-voolimine","9":"product_cat-vormid-tood-betooniga","11":"first","12":"instock","13":"taxable","14":"shipping-taxable","15":"purchasable","16":"product-type-simple"},"jetpack_sharing_enabled":true,"_links":{"self":[{"href":"https:\/\/becreative.ee\/en\/wp-json\/wp\/v2\/product\/4797","targetHints":{"allow":["GET"]}}],"collection":[{"href":"https:\/\/becreative.ee\/en\/wp-json\/wp\/v2\/product"}],"about":[{"href":"https:\/\/becreative.ee\/en\/wp-json\/wp\/v2\/types\/product"}],"version-history":[{"count":1,"href":"https:\/\/becreative.ee\/en\/wp-json\/wp\/v2\/product\/4797\/revisions"}],"predecessor-version":[{"id":4800,"href":"https:\/\/becreative.ee\/en\/wp-json\/wp\/v2\/product\/4797\/revisions\/4800"}],"wp:featuredmedia":[{"embeddable":true,"href":"https:\/\/becreative.ee\/en\/wp-json\/wp\/v2\/media\/4798"}],"wp:attachment":[{"href":"https:\/\/becreative.ee\/en\/wp-json\/wp\/v2\/media?parent=4797"}],"wp:term":[{"taxonomy":"product_brand","embeddable":true,"href":"https:\/\/becreative.ee\/en\/wp-json\/wp\/v2\/product_brand?post=4797"},{"taxonomy":"product_cat","embeddable":true,"href":"https:\/\/becreative.ee\/en\/wp-json\/wp\/v2\/product_cat?post=4797"},{"taxonomy":"product_tag","embeddable":true,"href":"https:\/\/becreative.ee\/en\/wp-json\/wp\/v2\/product_tag?post=4797"}],"curies":[{"name":"wp","href":"https:\/\/api.w.org\/{rel}","templated":true}]}}