{"id":4837,"date":"2022-02-21T13:41:00","date_gmt":"2022-02-21T13:41:00","guid":{"rendered":"https:\/\/becreative.ee\/?post_type=product&#038;p=4837"},"modified":"2022-02-21T13:41:00","modified_gmt":"2022-02-21T13:41:00","slug":"betoonivorm-nelinurk-85x85cm","status":"publish","type":"product","link":"https:\/\/becreative.ee\/en\/product\/betoonivorm-nelinurk-85x85cm\/","title":{"rendered":"Betoonivorm nelinurk 8,5&#215;8,5cm"},"content":{"rendered":"<p>Vorm on spetsiaalselt v\u00e4lja t\u00f6\u00f6tatud valamissegu ja betooni valamiseks. PET-ist valmistatud vorm on l\u00e4bipaistev ja korduvkasutatav. Eriti toreda tulemuse saab kombineerides teiste vormidega. \u00c4ra unusta vormi enne kasutamist toidu\u00f5liga t\u00f6\u00f6delda. Vormi m\u00f5\u00f5dud on 8,5&#215;8,5cm, s\u00fcgavus 3,5cm. Vormi on v\u00f5imalik kasutada ka seebi ja vaha valamiseks.<\/p>","protected":false},"excerpt":{"rendered":"<p>Vorm on spetsiaalselt v\u00e4lja t\u00f6\u00f6tatud valamissegu ja betooni valamiseks. PET-ist valmistatud vorm on l\u00e4bipaistev ja korduvkasutatav. Eriti toreda tulemuse saab kombineerides teiste vormidega. \u00c4ra unusta vormi enne kasutamist toidu\u00f5liga t\u00f6\u00f6delda. Vormi m\u00f5\u00f5dud on 8,5&#215;8,5cm, s\u00fcgavus 3,5cm. Vormi on v\u00f5imalik kasutada ka seebi ja vaha valamiseks.<\/p>","protected":false},"featured_media":4838,"template":"","meta":[],"product_brand":[],"product_cat":[263,1005,1051,1069,1062,1070,1061,1063],"product_tag":[],"class_list":{"0":"post-4837","1":"product","2":"type-product","3":"status-publish","4":"has-post-thumbnail","6":"product_cat-brandid","7":"product_cat-kuunalde-valmistamine","8":"product_cat-rayher","9":"product_cat-seebi-valmistamine","10":"product_cat-valamistood-voolimine","11":"product_cat-vormid-seebi-valmistamine","12":"product_cat-vormid","13":"product_cat-vormid-tood-betooniga","15":"first","16":"instock","17":"taxable","18":"shipping-taxable","19":"purchasable","20":"product-type-simple"},"jetpack_sharing_enabled":true,"_links":{"self":[{"href":"https:\/\/becreative.ee\/en\/wp-json\/wp\/v2\/product\/4837","targetHints":{"allow":["GET"]}}],"collection":[{"href":"https:\/\/becreative.ee\/en\/wp-json\/wp\/v2\/product"}],"about":[{"href":"https:\/\/becreative.ee\/en\/wp-json\/wp\/v2\/types\/product"}],"version-history":[{"count":1,"href":"https:\/\/becreative.ee\/en\/wp-json\/wp\/v2\/product\/4837\/revisions"}],"predecessor-version":[{"id":4840,"href":"https:\/\/becreative.ee\/en\/wp-json\/wp\/v2\/product\/4837\/revisions\/4840"}],"wp:featuredmedia":[{"embeddable":true,"href":"https:\/\/becreative.ee\/en\/wp-json\/wp\/v2\/media\/4838"}],"wp:attachment":[{"href":"https:\/\/becreative.ee\/en\/wp-json\/wp\/v2\/media?parent=4837"}],"wp:term":[{"taxonomy":"product_brand","embeddable":true,"href":"https:\/\/becreative.ee\/en\/wp-json\/wp\/v2\/product_brand?post=4837"},{"taxonomy":"product_cat","embeddable":true,"href":"https:\/\/becreative.ee\/en\/wp-json\/wp\/v2\/product_cat?post=4837"},{"taxonomy":"product_tag","embeddable":true,"href":"https:\/\/becreative.ee\/en\/wp-json\/wp\/v2\/product_tag?post=4837"}],"curies":[{"name":"wp","href":"https:\/\/api.w.org\/{rel}","templated":true}]}}