{"id":4847,"date":"2022-02-21T17:21:11","date_gmt":"2022-02-21T17:21:11","guid":{"rendered":"https:\/\/becreative.ee\/?post_type=product&#038;p=4847"},"modified":"2024-10-04T19:12:53","modified_gmt":"2024-10-04T19:12:53","slug":"matt-klaasivarv","status":"publish","type":"product","link":"https:\/\/becreative.ee\/en\/product\/matt-klaasivarv\/","title":{"rendered":"Matt klaasiv\u00e4rv"},"content":{"rendered":"<p>Matti klaasiv\u00e4rvi on v\u00f5imalik kasutada kahel viisil. Purgi v\u00e4rvimisel seest j\u00e4\u00e4b matile v\u00e4rvile klaasi l\u00e4ige. Kui aga v\u00e4rvida purk v\u00e4ljast, j\u00e4\u00e4b tulemuseks matt pind, mida on v\u00f5imalik liivapaberiga vanutada. Eriti ilusa tulemuse saab juhul, kui klaasil on muster. Purgi suurus 59ml.<\/p>\n<p>&nbsp;<\/p>\n<p>NB! Soovitatav on kaup tellida k\u00fclmal perioodil Itella pakiautomaati (k\u00fclmumise oht).<\/p>\n<p>&nbsp;<\/p>\n<p>Kasutamine: Puhastage kogu klaasi pind alkoholiga. Loksutega v\u00e4rvi korralikult ja v\u00e4rvige soovitud pind pintsliga ning laske sel 4 p\u00e4eva kuivada. Kuumutage klaasi 162 \u00baC ahjus 30min. Kui aeg t\u00e4is, tehke ahju uks lahti ning laske klaasil selles jahtuda. Kuumutatud klaasi v\u00f5ib peale t\u00f6\u00f6tlemist pesta n\u00f5udepesumasinas, kuid v\u00e4ltida tuleks otsest kokkupuudet toiduga.<\/p>","protected":false},"excerpt":{"rendered":"<p>Matti klaasiv\u00e4rvi on v\u00f5imalik kasutada kahel viisil. Purgi v\u00e4rvimisel seest j\u00e4\u00e4b matile v\u00e4rvile klaasi l\u00e4ige. Kui aga v\u00e4rvida purk v\u00e4ljast, j\u00e4\u00e4b tulemuseks matt pind, mida on v\u00f5imalik liivapaberiga vanutada. Eriti ilusa tulemuse saab juhul, kui klaasil on muster. Purgi suurus 59ml.<\/p>\n<p>&nbsp;<\/p>\n<p>NB! Soovitatav on kaup tellida k\u00fclmal perioodil Itella pakiautomaati (k\u00fclmumise oht).<\/p>","protected":false},"featured_media":4850,"template":"","meta":[],"product_brand":[],"product_cat":[263,1073,1051,1052],"product_tag":[],"class_list":{"0":"post-4847","1":"product","2":"type-product","3":"status-publish","4":"has-post-thumbnail","6":"product_cat-brandid","7":"product_cat-klaasivarvid","8":"product_cat-rayher","9":"product_cat-varvid-2","11":"first","12":"instock","13":"taxable","14":"shipping-taxable","15":"purchasable","16":"product-type-variable"},"jetpack_sharing_enabled":true,"_links":{"self":[{"href":"https:\/\/becreative.ee\/en\/wp-json\/wp\/v2\/product\/4847","targetHints":{"allow":["GET"]}}],"collection":[{"href":"https:\/\/becreative.ee\/en\/wp-json\/wp\/v2\/product"}],"about":[{"href":"https:\/\/becreative.ee\/en\/wp-json\/wp\/v2\/types\/product"}],"version-history":[{"count":2,"href":"https:\/\/becreative.ee\/en\/wp-json\/wp\/v2\/product\/4847\/revisions"}],"predecessor-version":[{"id":4862,"href":"https:\/\/becreative.ee\/en\/wp-json\/wp\/v2\/product\/4847\/revisions\/4862"}],"wp:featuredmedia":[{"embeddable":true,"href":"https:\/\/becreative.ee\/en\/wp-json\/wp\/v2\/media\/4850"}],"wp:attachment":[{"href":"https:\/\/becreative.ee\/en\/wp-json\/wp\/v2\/media?parent=4847"}],"wp:term":[{"taxonomy":"product_brand","embeddable":true,"href":"https:\/\/becreative.ee\/en\/wp-json\/wp\/v2\/product_brand?post=4847"},{"taxonomy":"product_cat","embeddable":true,"href":"https:\/\/becreative.ee\/en\/wp-json\/wp\/v2\/product_cat?post=4847"},{"taxonomy":"product_tag","embeddable":true,"href":"https:\/\/becreative.ee\/en\/wp-json\/wp\/v2\/product_tag?post=4847"}],"curies":[{"name":"wp","href":"https:\/\/api.w.org\/{rel}","templated":true}]}}