{"id":4863,"date":"2022-02-21T17:48:48","date_gmt":"2022-02-21T17:48:48","guid":{"rendered":"https:\/\/becreative.ee\/?post_type=product&#038;p=4863"},"modified":"2023-11-25T00:02:08","modified_gmt":"2023-11-25T00:02:08","slug":"harmatisefektiga-varv","status":"publish","type":"product","link":"https:\/\/becreative.ee\/en\/product\/harmatisefektiga-varv\/","title":{"rendered":"H\u00e4rmatisefektiga v\u00e4rv"},"content":{"rendered":"<p>Imelise h\u00e4rmatisefekti saate klaasile ja peeglile just seda v\u00e4rvi kasutades.\u00a0 Pudelis 50ml v\u00e4rvi.<\/p>\n<p>&nbsp;<\/p>\n<p>NB! Soovitatav on kaup tellida k\u00fclmal perioodil Itella pakiautomaati (k\u00fclmumise oht).<\/p>\n<p>&nbsp;<\/p>\n<p>Kasutamine: Puhastage pind alkoholiga. V\u00f5tke k\u00e4sn ja tupsutage sellele v\u00e4rvi, kuni see muutub kleepuvaks. V\u00e4rvige pind \u00fcleni v\u00f5i kasutage \u0161ablooni. Tugevama efekti saavutamiseks v\u00e4rvige mitu kihti. Laske v\u00e4rvil 24h kuivada ja t\u00f6\u00f6delge pisemaid esemeid ahjus 160 \u00baC 20min. Pesta k\u00e4sitsi. Kuivanud v\u00e4rvi on v\u00f5imalik eemaldada akendelt ja peeglilt klaasikraabatsiga.<\/p>","protected":false},"excerpt":{"rendered":"<p>Imelise h\u00e4rmatisefekti saate klaasile ja peeglile just seda v\u00e4rvi kasutades.\u00a0 Pudelis 50ml v\u00e4rvi.<\/p>\n<p>&nbsp;<\/p>\n<p>NB! Soovitatav on kaup tellida k\u00fclmal perioodil Itella pakiautomaati (k\u00fclmumise oht).<\/p>\n<p>&nbsp;<\/p>","protected":false},"featured_media":4864,"template":"","meta":[],"product_brand":[],"product_cat":[263,1080,1051,1052],"product_tag":[],"class_list":{"0":"post-4863","1":"product","2":"type-product","3":"status-publish","4":"has-post-thumbnail","6":"product_cat-brandid","7":"product_cat-efektvarvid","8":"product_cat-rayher","9":"product_cat-varvid-2","11":"first","12":"instock","13":"taxable","14":"shipping-taxable","15":"purchasable","16":"product-type-simple"},"jetpack_sharing_enabled":true,"_links":{"self":[{"href":"https:\/\/becreative.ee\/en\/wp-json\/wp\/v2\/product\/4863","targetHints":{"allow":["GET"]}}],"collection":[{"href":"https:\/\/becreative.ee\/en\/wp-json\/wp\/v2\/product"}],"about":[{"href":"https:\/\/becreative.ee\/en\/wp-json\/wp\/v2\/types\/product"}],"version-history":[{"count":2,"href":"https:\/\/becreative.ee\/en\/wp-json\/wp\/v2\/product\/4863\/revisions"}],"predecessor-version":[{"id":6349,"href":"https:\/\/becreative.ee\/en\/wp-json\/wp\/v2\/product\/4863\/revisions\/6349"}],"wp:featuredmedia":[{"embeddable":true,"href":"https:\/\/becreative.ee\/en\/wp-json\/wp\/v2\/media\/4864"}],"wp:attachment":[{"href":"https:\/\/becreative.ee\/en\/wp-json\/wp\/v2\/media?parent=4863"}],"wp:term":[{"taxonomy":"product_brand","embeddable":true,"href":"https:\/\/becreative.ee\/en\/wp-json\/wp\/v2\/product_brand?post=4863"},{"taxonomy":"product_cat","embeddable":true,"href":"https:\/\/becreative.ee\/en\/wp-json\/wp\/v2\/product_cat?post=4863"},{"taxonomy":"product_tag","embeddable":true,"href":"https:\/\/becreative.ee\/en\/wp-json\/wp\/v2\/product_tag?post=4863"}],"curies":[{"name":"wp","href":"https:\/\/api.w.org\/{rel}","templated":true}]}}