{"id":4873,"date":"2022-02-21T19:37:26","date_gmt":"2022-02-21T19:37:26","guid":{"rendered":"https:\/\/becreative.ee\/?post_type=product&#038;p=4873"},"modified":"2022-02-21T19:37:26","modified_gmt":"2022-02-21T19:37:26","slug":"takjapadjad-12mm","status":"publish","type":"product","link":"https:\/\/becreative.ee\/en\/product\/takjapadjad-12mm\/","title":{"rendered":"Takjapadjad 12mm"},"content":{"rendered":"<p>Iseliimuvaid takjapatju saab kasutada kaartide, albumite, \u00fcmbrikute, kinkekottide jne kinnitusvahendina. Pakendis on 20 padjakest (kare pool+pehme pool). Padjakese l\u00e4bim\u00f5\u00f5t 12mm.<\/p>","protected":false},"excerpt":{"rendered":"<p>Iseliimuvaid takjapatju saab kasutada kaartide, albumite, \u00fcmbrikute, kinkekottide jne kinnitusvahendina. Pakendis on 20 padjakest (kare pool+pehme pool). Padjakese l\u00e4bim\u00f5\u00f5t 12mm.<\/p>","protected":false},"featured_media":4870,"template":"","meta":[],"product_brand":[],"product_cat":[263,1066,1051,1014],"product_tag":[],"class_list":{"0":"post-4873","1":"product","2":"type-product","3":"status-publish","4":"has-post-thumbnail","6":"product_cat-brandid","7":"product_cat-liimid-teibid","8":"product_cat-rayher","9":"product_cat-tood-paberiga","11":"first","12":"instock","13":"taxable","14":"shipping-taxable","15":"purchasable","16":"product-type-simple"},"jetpack_sharing_enabled":true,"_links":{"self":[{"href":"https:\/\/becreative.ee\/en\/wp-json\/wp\/v2\/product\/4873","targetHints":{"allow":["GET"]}}],"collection":[{"href":"https:\/\/becreative.ee\/en\/wp-json\/wp\/v2\/product"}],"about":[{"href":"https:\/\/becreative.ee\/en\/wp-json\/wp\/v2\/types\/product"}],"version-history":[{"count":1,"href":"https:\/\/becreative.ee\/en\/wp-json\/wp\/v2\/product\/4873\/revisions"}],"predecessor-version":[{"id":4874,"href":"https:\/\/becreative.ee\/en\/wp-json\/wp\/v2\/product\/4873\/revisions\/4874"}],"wp:featuredmedia":[{"embeddable":true,"href":"https:\/\/becreative.ee\/en\/wp-json\/wp\/v2\/media\/4870"}],"wp:attachment":[{"href":"https:\/\/becreative.ee\/en\/wp-json\/wp\/v2\/media?parent=4873"}],"wp:term":[{"taxonomy":"product_brand","embeddable":true,"href":"https:\/\/becreative.ee\/en\/wp-json\/wp\/v2\/product_brand?post=4873"},{"taxonomy":"product_cat","embeddable":true,"href":"https:\/\/becreative.ee\/en\/wp-json\/wp\/v2\/product_cat?post=4873"},{"taxonomy":"product_tag","embeddable":true,"href":"https:\/\/becreative.ee\/en\/wp-json\/wp\/v2\/product_tag?post=4873"}],"curies":[{"name":"wp","href":"https:\/\/api.w.org\/{rel}","templated":true}]}}