{"id":4882,"date":"2022-02-22T10:41:19","date_gmt":"2022-02-22T10:41:19","guid":{"rendered":"https:\/\/becreative.ee\/?post_type=product&#038;p=4882"},"modified":"2022-02-22T10:41:20","modified_gmt":"2022-02-22T10:41:20","slug":"siiditruki-sabloon-maailmakaart","status":"publish","type":"product","link":"https:\/\/becreative.ee\/en\/product\/siiditruki-sabloon-maailmakaart\/","title":{"rendered":"Siiditr\u00fcki \u0161abloon Maailmakaart"},"content":{"rendered":"<p>Siiditr\u00fcki \u0161abloon on valmistatud peenest pehmest kangast (100% pol\u00fcester), on isekleepuv ja seega ei ole eraldi vaja siiditr\u00fckkimise raami. Peale \u0161ablooni kasutamist ja puhastamist on \u0161abloon uuesti kasutatav. \u0160ablooniga on kaasas kaabits. Tr\u00fckkida saab kangale, puidule, paberile, betoonile jne. Tr\u00fckitava pildi suurus ligikaudu 18x11cm.<\/p>\n<p>&nbsp;<\/p>\n<p>Kasutamine: Asetage \u0161abloon soovitud pinnale. Pind peab olema tolmu- ja rasvavaba. Tekstiil peab olema eelnevalt pestud. Pange v\u00e4rv \u0161ablooni \u00fclemisele osale ja t\u00f5mmakse spaatliga \u00fcle kujutise, hoides spaatlit 45\u00ba nurga all. Korrake tegevust, kuni olete kindel, et v\u00e4rv on j\u00f5udnud korralikult pinnani. Eemaldage \u0161abloon. Edasi k\u00e4ituge vastavalt v\u00e4rvi juhendile. Puhastage \u0161abloon veega ja j\u00e4tke kuivama.<\/p>","protected":false},"excerpt":{"rendered":"<p>Siiditr\u00fcki \u0161abloon on valmistatud peenest pehmest kangast (100% pol\u00fcester), on isekleepuv ja seega ei ole eraldi vaja siiditr\u00fckkimise raami. Peale \u0161ablooni kasutamist ja puhastamist on \u0161abloon uuesti kasutatav. \u0160ablooniga on kaasas kaabits. Tr\u00fckkida saab kangale, puidule, paberile, betoonile jne. Tr\u00fckitava pildi suurus ligikaudu 18x11cm.<\/p>","protected":false},"featured_media":4883,"template":"","meta":[],"product_brand":[],"product_cat":[263,1051,1082,844],"product_tag":[],"class_list":{"0":"post-4882","1":"product","2":"type-product","3":"status-publish","4":"has-post-thumbnail","6":"product_cat-brandid","7":"product_cat-rayher","8":"product_cat-sabloonid","9":"product_cat-siiditrukk","11":"first","12":"instock","13":"taxable","14":"shipping-taxable","15":"purchasable","16":"product-type-simple"},"jetpack_sharing_enabled":true,"_links":{"self":[{"href":"https:\/\/becreative.ee\/en\/wp-json\/wp\/v2\/product\/4882","targetHints":{"allow":["GET"]}}],"collection":[{"href":"https:\/\/becreative.ee\/en\/wp-json\/wp\/v2\/product"}],"about":[{"href":"https:\/\/becreative.ee\/en\/wp-json\/wp\/v2\/types\/product"}],"version-history":[{"count":1,"href":"https:\/\/becreative.ee\/en\/wp-json\/wp\/v2\/product\/4882\/revisions"}],"predecessor-version":[{"id":4884,"href":"https:\/\/becreative.ee\/en\/wp-json\/wp\/v2\/product\/4882\/revisions\/4884"}],"wp:featuredmedia":[{"embeddable":true,"href":"https:\/\/becreative.ee\/en\/wp-json\/wp\/v2\/media\/4883"}],"wp:attachment":[{"href":"https:\/\/becreative.ee\/en\/wp-json\/wp\/v2\/media?parent=4882"}],"wp:term":[{"taxonomy":"product_brand","embeddable":true,"href":"https:\/\/becreative.ee\/en\/wp-json\/wp\/v2\/product_brand?post=4882"},{"taxonomy":"product_cat","embeddable":true,"href":"https:\/\/becreative.ee\/en\/wp-json\/wp\/v2\/product_cat?post=4882"},{"taxonomy":"product_tag","embeddable":true,"href":"https:\/\/becreative.ee\/en\/wp-json\/wp\/v2\/product_tag?post=4882"}],"curies":[{"name":"wp","href":"https:\/\/api.w.org\/{rel}","templated":true}]}}