{"id":4890,"date":"2022-02-22T17:28:57","date_gmt":"2022-02-22T17:28:57","guid":{"rendered":"https:\/\/becreative.ee\/?post_type=product&#038;p=4890"},"modified":"2022-02-22T17:28:57","modified_gmt":"2022-02-22T17:28:57","slug":"betoonivorm-pilv","status":"publish","type":"product","link":"https:\/\/becreative.ee\/en\/product\/betoonivorm-pilv\/","title":{"rendered":"Betoonivorm pilv"},"content":{"rendered":"<p>Vorm on spetsiaalselt v\u00e4lja t\u00f6\u00f6tatud valamissegu ja betooni valamiseks. PET-ist valmistatud vorm on l\u00e4bipaistev ja korduvkasutatav. Eriti toreda tulemuse saab kombineerides teiste vormidega. \u00c4ra unusta vormi enne kasutamist toidu\u00f5liga t\u00f6\u00f6delda. Vormi m\u00f5\u00f5dud on 17,6&#215;10,2cm, s\u00fcgavus 3cm. Vorm mahutab maksimaalselt 750g segu.<\/p>","protected":false},"excerpt":{"rendered":"<p>Vorm on spetsiaalselt v\u00e4lja t\u00f6\u00f6tatud valamissegu ja betooni valamiseks. PET-ist valmistatud vorm on l\u00e4bipaistev ja korduvkasutatav. Eriti toreda tulemuse saab kombineerides teiste vormidega. \u00c4ra unusta vormi enne kasutamist toidu\u00f5liga t\u00f6\u00f6delda. Vormi m\u00f5\u00f5dud on 17,6&#215;10,2cm, s\u00fcgavus 3cm. Vorm mahutab maksimaalselt 750g segu.<\/p>","protected":false},"featured_media":4891,"template":"","meta":[],"product_brand":[],"product_cat":[263,1051,1062,1063],"product_tag":[],"class_list":{"0":"post-4890","1":"product","2":"type-product","3":"status-publish","4":"has-post-thumbnail","6":"product_cat-brandid","7":"product_cat-rayher","8":"product_cat-valamistood-voolimine","9":"product_cat-vormid-tood-betooniga","11":"first","12":"instock","13":"taxable","14":"shipping-taxable","15":"purchasable","16":"product-type-simple"},"jetpack_sharing_enabled":true,"_links":{"self":[{"href":"https:\/\/becreative.ee\/en\/wp-json\/wp\/v2\/product\/4890","targetHints":{"allow":["GET"]}}],"collection":[{"href":"https:\/\/becreative.ee\/en\/wp-json\/wp\/v2\/product"}],"about":[{"href":"https:\/\/becreative.ee\/en\/wp-json\/wp\/v2\/types\/product"}],"version-history":[{"count":1,"href":"https:\/\/becreative.ee\/en\/wp-json\/wp\/v2\/product\/4890\/revisions"}],"predecessor-version":[{"id":4893,"href":"https:\/\/becreative.ee\/en\/wp-json\/wp\/v2\/product\/4890\/revisions\/4893"}],"wp:featuredmedia":[{"embeddable":true,"href":"https:\/\/becreative.ee\/en\/wp-json\/wp\/v2\/media\/4891"}],"wp:attachment":[{"href":"https:\/\/becreative.ee\/en\/wp-json\/wp\/v2\/media?parent=4890"}],"wp:term":[{"taxonomy":"product_brand","embeddable":true,"href":"https:\/\/becreative.ee\/en\/wp-json\/wp\/v2\/product_brand?post=4890"},{"taxonomy":"product_cat","embeddable":true,"href":"https:\/\/becreative.ee\/en\/wp-json\/wp\/v2\/product_cat?post=4890"},{"taxonomy":"product_tag","embeddable":true,"href":"https:\/\/becreative.ee\/en\/wp-json\/wp\/v2\/product_tag?post=4890"}],"curies":[{"name":"wp","href":"https:\/\/api.w.org\/{rel}","templated":true}]}}