{"id":4894,"date":"2022-02-22T17:35:16","date_gmt":"2022-02-22T17:35:16","guid":{"rendered":"https:\/\/becreative.ee\/?post_type=product&#038;p=4894"},"modified":"2022-02-22T17:38:45","modified_gmt":"2022-02-22T17:38:45","slug":"vorm-silt","status":"publish","type":"product","link":"https:\/\/becreative.ee\/en\/product\/vorm-silt\/","title":{"rendered":"Vorm Silt"},"content":{"rendered":"<p>LPDE-st valmistatud elastne, korduvkasutatav vorm, mida saab kasutada betooni, seebi, \u0161okolaadi, vaha ning valamissegu valamiseks. Pisikese vormiga on v\u00f5imalik valmistada ehteid, maiustusi, seepe, kaunistuste detaile jne. Vormi suurus 5 x 8cm, s\u00fcgavus 1,7cm.<\/p>","protected":false},"excerpt":{"rendered":"<p>LPDE-st valmistatud elastne, korduvkasutatav vorm, mida saab kasutada betooni, seebi, \u0161okolaadi, vaha ning valamissegu valamiseks. Pisikese vormiga on v\u00f5imalik valmistada ehteid, maiustusi, seepe, kaunistuste detaile jne. Vormi suurus 5 x 8cm, s\u00fcgavus 1,7cm.<\/p>","protected":false},"featured_media":4895,"template":"","meta":[],"product_brand":[],"product_cat":[263,1005,1051,1069,1062,1070,1061,1063],"product_tag":[],"class_list":{"0":"post-4894","1":"product","2":"type-product","3":"status-publish","4":"has-post-thumbnail","6":"product_cat-brandid","7":"product_cat-kuunalde-valmistamine","8":"product_cat-rayher","9":"product_cat-seebi-valmistamine","10":"product_cat-valamistood-voolimine","11":"product_cat-vormid-seebi-valmistamine","12":"product_cat-vormid","13":"product_cat-vormid-tood-betooniga","15":"first","16":"instock","17":"taxable","18":"shipping-taxable","19":"purchasable","20":"product-type-simple"},"jetpack_sharing_enabled":true,"_links":{"self":[{"href":"https:\/\/becreative.ee\/en\/wp-json\/wp\/v2\/product\/4894","targetHints":{"allow":["GET"]}}],"collection":[{"href":"https:\/\/becreative.ee\/en\/wp-json\/wp\/v2\/product"}],"about":[{"href":"https:\/\/becreative.ee\/en\/wp-json\/wp\/v2\/types\/product"}],"version-history":[{"count":2,"href":"https:\/\/becreative.ee\/en\/wp-json\/wp\/v2\/product\/4894\/revisions"}],"predecessor-version":[{"id":4898,"href":"https:\/\/becreative.ee\/en\/wp-json\/wp\/v2\/product\/4894\/revisions\/4898"}],"wp:featuredmedia":[{"embeddable":true,"href":"https:\/\/becreative.ee\/en\/wp-json\/wp\/v2\/media\/4895"}],"wp:attachment":[{"href":"https:\/\/becreative.ee\/en\/wp-json\/wp\/v2\/media?parent=4894"}],"wp:term":[{"taxonomy":"product_brand","embeddable":true,"href":"https:\/\/becreative.ee\/en\/wp-json\/wp\/v2\/product_brand?post=4894"},{"taxonomy":"product_cat","embeddable":true,"href":"https:\/\/becreative.ee\/en\/wp-json\/wp\/v2\/product_cat?post=4894"},{"taxonomy":"product_tag","embeddable":true,"href":"https:\/\/becreative.ee\/en\/wp-json\/wp\/v2\/product_tag?post=4894"}],"curies":[{"name":"wp","href":"https:\/\/api.w.org\/{rel}","templated":true}]}}