{"id":4899,"date":"2022-02-22T18:21:33","date_gmt":"2022-02-22T18:21:33","guid":{"rendered":"https:\/\/becreative.ee\/?post_type=product&#038;p=4899"},"modified":"2022-02-22T18:21:33","modified_gmt":"2022-02-22T18:21:33","slug":"meriinovill","status":"publish","type":"product","link":"https:\/\/becreative.ee\/en\/product\/meriinovill\/","title":{"rendered":"Meriinovill"},"content":{"rendered":"<p>Peen 100% meriinovill (18mic) on teiste villadega v\u00f5rreldes pehmem ja s\u00fcgeleb v\u00e4hem. Lisaks sobib meriinovill v\u00e4ga h\u00e4sti nunotehnikas viltimise jaoks. Pakendis on 5 x 10g v\u00e4rvivalik, kokku 50g. Tootel on Oeko-Tex standardi m\u00e4rgis.<\/p>","protected":false},"excerpt":{"rendered":"<p>Peen 100% meriinovill (18mic) on teiste villadega v\u00f5rreldes pehmem ja s\u00fcgeleb v\u00e4hem. Lisaks sobib meriinovill v\u00e4ga h\u00e4sti nunotehnikas viltimise jaoks. Pakendis on 5 x 10g v\u00e4rvivalik, kokku 50g. Tootel on Oeko-Tex standardi m\u00e4rgis.<\/p>","protected":false},"featured_media":4900,"template":"","meta":[],"product_brand":[],"product_cat":[263,1051,1084,1083],"product_tag":[],"class_list":{"0":"post-4899","1":"product","2":"type-product","3":"status-publish","4":"has-post-thumbnail","6":"product_cat-brandid","7":"product_cat-rayher","8":"product_cat-vill","9":"product_cat-viltimine","11":"first","12":"instock","13":"taxable","14":"shipping-taxable","15":"purchasable","16":"product-type-variable"},"jetpack_sharing_enabled":true,"_links":{"self":[{"href":"https:\/\/becreative.ee\/en\/wp-json\/wp\/v2\/product\/4899","targetHints":{"allow":["GET"]}}],"collection":[{"href":"https:\/\/becreative.ee\/en\/wp-json\/wp\/v2\/product"}],"about":[{"href":"https:\/\/becreative.ee\/en\/wp-json\/wp\/v2\/types\/product"}],"version-history":[{"count":1,"href":"https:\/\/becreative.ee\/en\/wp-json\/wp\/v2\/product\/4899\/revisions"}],"predecessor-version":[{"id":4901,"href":"https:\/\/becreative.ee\/en\/wp-json\/wp\/v2\/product\/4899\/revisions\/4901"}],"wp:featuredmedia":[{"embeddable":true,"href":"https:\/\/becreative.ee\/en\/wp-json\/wp\/v2\/media\/4900"}],"wp:attachment":[{"href":"https:\/\/becreative.ee\/en\/wp-json\/wp\/v2\/media?parent=4899"}],"wp:term":[{"taxonomy":"product_brand","embeddable":true,"href":"https:\/\/becreative.ee\/en\/wp-json\/wp\/v2\/product_brand?post=4899"},{"taxonomy":"product_cat","embeddable":true,"href":"https:\/\/becreative.ee\/en\/wp-json\/wp\/v2\/product_cat?post=4899"},{"taxonomy":"product_tag","embeddable":true,"href":"https:\/\/becreative.ee\/en\/wp-json\/wp\/v2\/product_tag?post=4899"}],"curies":[{"name":"wp","href":"https:\/\/api.w.org\/{rel}","templated":true}]}}