{"id":4926,"date":"2022-02-23T12:38:34","date_gmt":"2022-02-23T12:38:34","guid":{"rendered":"https:\/\/becreative.ee\/?post_type=product&#038;p=4926"},"modified":"2025-07-26T06:13:09","modified_gmt":"2025-07-26T06:13:09","slug":"kriidivarv-chalky-finish","status":"publish","type":"product","link":"https:\/\/becreative.ee\/en\/product\/kriidivarv-chalky-finish\/","title":{"rendered":"Kriidiv\u00e4rv Chalky Finish"},"content":{"rendered":"<p>Chalky Finish on veep\u00f5hine, h\u00e4sti kattev kriidiv\u00e4rv. V\u00e4rv sobib puidule, metallile, keraamikale, plastikule, seinale, paberile jne. Valmis eseme tihedamal kasutamisel t\u00f6\u00f6elda pinda sisetingimustes kreemvahaga, v\u00e4litingimustes lakiga. V\u00e4rviga saab luua vanutatud efektiga esemeid, kasutades krakleev\u00e4rvi, m\u00f5raneva efektiga pindasid. \u00dchest purgist v\u00e4rvist jagub 2,78m\u00b2 katmiseks. Purgis on 118ml v\u00e4rvi.<\/p>\n<p>&nbsp;<\/p>\n<p>NB! Soovitatav on kaup tellida k\u00fclmal perioodil Itella pakiautomaati (k\u00fclmumise oht).<\/p>","protected":false},"excerpt":{"rendered":"<p>Chalky Finish on veep\u00f5hine, h\u00e4sti kattev kriidiv\u00e4rv. V\u00e4rv sobib puidule, metallile, keraamikale, plastikule, seinale, paberile jne. Valmis eseme tihedamal kasutamisel t\u00f6\u00f6elda pinda sisetingimustes kreemvahaga, v\u00e4litingimustes lakiga. V\u00e4rviga saab luua vanutatud efektiga esemeid, kasutades krakleev\u00e4rvi, m\u00f5raneva efektiga pindasid. \u00dchest purgist v\u00e4rvist jagub 2,78m\u00b2 katmiseks. Purgis on 118ml v\u00e4rvi.<\/p>\n<p>&nbsp;<\/p>\n<p>NB! Soovitatav on kaup tellida k\u00fclmal perioodil Itella pakiautomaati (k\u00fclmumise oht).<\/p>","protected":false},"featured_media":4918,"template":"","meta":[],"product_brand":[],"product_cat":[263,1103,1051,1052],"product_tag":[],"class_list":{"0":"post-4926","1":"product","2":"type-product","3":"status-publish","4":"has-post-thumbnail","6":"product_cat-brandid","7":"product_cat-kriidivarvid","8":"product_cat-rayher","9":"product_cat-varvid-2","11":"first","12":"instock","13":"taxable","14":"shipping-taxable","15":"purchasable","16":"product-type-variable"},"jetpack_sharing_enabled":true,"_links":{"self":[{"href":"https:\/\/becreative.ee\/en\/wp-json\/wp\/v2\/product\/4926","targetHints":{"allow":["GET"]}}],"collection":[{"href":"https:\/\/becreative.ee\/en\/wp-json\/wp\/v2\/product"}],"about":[{"href":"https:\/\/becreative.ee\/en\/wp-json\/wp\/v2\/types\/product"}],"version-history":[{"count":2,"href":"https:\/\/becreative.ee\/en\/wp-json\/wp\/v2\/product\/4926\/revisions"}],"predecessor-version":[{"id":4942,"href":"https:\/\/becreative.ee\/en\/wp-json\/wp\/v2\/product\/4926\/revisions\/4942"}],"wp:featuredmedia":[{"embeddable":true,"href":"https:\/\/becreative.ee\/en\/wp-json\/wp\/v2\/media\/4918"}],"wp:attachment":[{"href":"https:\/\/becreative.ee\/en\/wp-json\/wp\/v2\/media?parent=4926"}],"wp:term":[{"taxonomy":"product_brand","embeddable":true,"href":"https:\/\/becreative.ee\/en\/wp-json\/wp\/v2\/product_brand?post=4926"},{"taxonomy":"product_cat","embeddable":true,"href":"https:\/\/becreative.ee\/en\/wp-json\/wp\/v2\/product_cat?post=4926"},{"taxonomy":"product_tag","embeddable":true,"href":"https:\/\/becreative.ee\/en\/wp-json\/wp\/v2\/product_tag?post=4926"}],"curies":[{"name":"wp","href":"https:\/\/api.w.org\/{rel}","templated":true}]}}