{"id":4949,"date":"2022-02-26T15:45:09","date_gmt":"2022-02-26T15:45:09","guid":{"rendered":"https:\/\/becreative.ee\/?post_type=product&#038;p=4949"},"modified":"2024-10-03T11:25:32","modified_gmt":"2024-10-03T11:25:32","slug":"sabloon-mandala","status":"publish","type":"product","link":"https:\/\/becreative.ee\/en\/product\/sabloon-mandala\/","title":{"rendered":"\u0160abloon Mandala"},"content":{"rendered":"<p>\u0160ablooni abil on v\u00f5imalik kaunistada puitu, betooni, m\u00f6\u00f6blit v\u00f5i isegi seinu. Laseriga l\u00f5igatud pol\u00fcester\u0161abloon on PVC vaba. Seda on lihtne puhastada ja see on korduvkasutatav. M\u00f5\u00f5tmed 30,5&#215;30,5cm.<\/p>","protected":false},"excerpt":{"rendered":"<p>\u0160ablooni abil on v\u00f5imalik kaunistada puitu, betooni, m\u00f6\u00f6blit v\u00f5i isegi seinu. Laseriga l\u00f5igatud pol\u00fcester\u0161abloon on PVC vaba. Seda on lihtne puhastada ja see on korduvkasutatav. M\u00f5\u00f5tmed 30,5&#215;30,5cm.<\/p>","protected":false},"featured_media":4950,"template":"","meta":[],"product_brand":[],"product_cat":[263,1051,1104,1052],"product_tag":[],"class_list":{"0":"post-4949","1":"product","2":"type-product","3":"status-publish","4":"has-post-thumbnail","6":"product_cat-brandid","7":"product_cat-rayher","8":"product_cat-sabloonid-varvid-2","9":"product_cat-varvid-2","11":"first","12":"outofstock","13":"taxable","14":"shipping-taxable","15":"purchasable","16":"product-type-simple"},"jetpack_sharing_enabled":true,"_links":{"self":[{"href":"https:\/\/becreative.ee\/en\/wp-json\/wp\/v2\/product\/4949","targetHints":{"allow":["GET"]}}],"collection":[{"href":"https:\/\/becreative.ee\/en\/wp-json\/wp\/v2\/product"}],"about":[{"href":"https:\/\/becreative.ee\/en\/wp-json\/wp\/v2\/types\/product"}],"version-history":[{"count":1,"href":"https:\/\/becreative.ee\/en\/wp-json\/wp\/v2\/product\/4949\/revisions"}],"predecessor-version":[{"id":4951,"href":"https:\/\/becreative.ee\/en\/wp-json\/wp\/v2\/product\/4949\/revisions\/4951"}],"wp:featuredmedia":[{"embeddable":true,"href":"https:\/\/becreative.ee\/en\/wp-json\/wp\/v2\/media\/4950"}],"wp:attachment":[{"href":"https:\/\/becreative.ee\/en\/wp-json\/wp\/v2\/media?parent=4949"}],"wp:term":[{"taxonomy":"product_brand","embeddable":true,"href":"https:\/\/becreative.ee\/en\/wp-json\/wp\/v2\/product_brand?post=4949"},{"taxonomy":"product_cat","embeddable":true,"href":"https:\/\/becreative.ee\/en\/wp-json\/wp\/v2\/product_cat?post=4949"},{"taxonomy":"product_tag","embeddable":true,"href":"https:\/\/becreative.ee\/en\/wp-json\/wp\/v2\/product_tag?post=4949"}],"curies":[{"name":"wp","href":"https:\/\/api.w.org\/{rel}","templated":true}]}}