{"id":4952,"date":"2022-02-26T16:01:14","date_gmt":"2022-02-26T16:01:14","guid":{"rendered":"https:\/\/becreative.ee\/?post_type=product&#038;p=4952"},"modified":"2022-02-26T16:01:14","modified_gmt":"2022-02-26T16:01:14","slug":"chalky-finish-kraklee","status":"publish","type":"product","link":"https:\/\/becreative.ee\/en\/product\/chalky-finish-kraklee\/","title":{"rendered":"Chalky Finish Kraklee"},"content":{"rendered":"<p>Kraklee v\u00e4rv annab t\u00f6\u00f6deltavatele pindadele m\u00f5ranenud v\u00e4limuse. Kandke \u00f5huke kraklee kiht kuivanud Chalky Finish v\u00e4rvile v\u00f5i m\u00f5nele muule akr\u00fc\u00fclv\u00e4rvile ja laske korralikult \u00e4ra kuivada. Kandke teine kiht v\u00e4rvilist v\u00e4rvi. V\u00e4rvitud kiht hakkab pragunema ja tekitab m\u00f5ranenud pinna. Mida paksem on viimane v\u00e4rvi kiht, seda suuremad praod tekivad. Pakend 118ml.<\/p>","protected":false},"excerpt":{"rendered":"<p>Kraklee v\u00e4rv annab t\u00f6\u00f6deltavatele pindadele m\u00f5ranenud v\u00e4limuse. Kandke \u00f5huke kraklee kiht kuivanud Chalky Finish v\u00e4rvile v\u00f5i m\u00f5nele muule akr\u00fc\u00fclv\u00e4rvile ja laske korralikult \u00e4ra kuivada. Kandke teine kiht v\u00e4rvilist v\u00e4rvi. V\u00e4rvitud kiht hakkab pragunema ja tekitab m\u00f5ranenud pinna. Mida paksem on viimane v\u00e4rvi kiht, seda suuremad praod tekivad. Pakend 118ml.<\/p>","protected":false},"featured_media":4953,"template":"","meta":[],"product_brand":[],"product_cat":[263,1080,1051,1052],"product_tag":[],"class_list":{"0":"post-4952","1":"product","2":"type-product","3":"status-publish","4":"has-post-thumbnail","6":"product_cat-brandid","7":"product_cat-efektvarvid","8":"product_cat-rayher","9":"product_cat-varvid-2","11":"first","12":"instock","13":"taxable","14":"shipping-taxable","15":"purchasable","16":"product-type-simple"},"jetpack_sharing_enabled":true,"_links":{"self":[{"href":"https:\/\/becreative.ee\/en\/wp-json\/wp\/v2\/product\/4952","targetHints":{"allow":["GET"]}}],"collection":[{"href":"https:\/\/becreative.ee\/en\/wp-json\/wp\/v2\/product"}],"about":[{"href":"https:\/\/becreative.ee\/en\/wp-json\/wp\/v2\/types\/product"}],"version-history":[{"count":1,"href":"https:\/\/becreative.ee\/en\/wp-json\/wp\/v2\/product\/4952\/revisions"}],"predecessor-version":[{"id":4955,"href":"https:\/\/becreative.ee\/en\/wp-json\/wp\/v2\/product\/4952\/revisions\/4955"}],"wp:featuredmedia":[{"embeddable":true,"href":"https:\/\/becreative.ee\/en\/wp-json\/wp\/v2\/media\/4953"}],"wp:attachment":[{"href":"https:\/\/becreative.ee\/en\/wp-json\/wp\/v2\/media?parent=4952"}],"wp:term":[{"taxonomy":"product_brand","embeddable":true,"href":"https:\/\/becreative.ee\/en\/wp-json\/wp\/v2\/product_brand?post=4952"},{"taxonomy":"product_cat","embeddable":true,"href":"https:\/\/becreative.ee\/en\/wp-json\/wp\/v2\/product_cat?post=4952"},{"taxonomy":"product_tag","embeddable":true,"href":"https:\/\/becreative.ee\/en\/wp-json\/wp\/v2\/product_tag?post=4952"}],"curies":[{"name":"wp","href":"https:\/\/api.w.org\/{rel}","templated":true}]}}