{"id":4956,"date":"2022-02-26T16:09:00","date_gmt":"2022-02-26T16:09:00","guid":{"rendered":"https:\/\/becreative.ee\/?post_type=product&#038;p=4956"},"modified":"2023-04-02T01:37:18","modified_gmt":"2023-04-02T01:37:18","slug":"puidust-munad","status":"publish","type":"product","link":"https:\/\/becreative.ee\/en\/product\/puidust-munad\/","title":{"rendered":"Puidust munad"},"content":{"rendered":"<p>Puidust munad on m\u00f5eldud kevadisteks dekoratsioonideks. Neid on v\u00f5imalik kasutada \u00fcksikult v\u00f5i siis kompositsiooni osana. Puidust munade kaunistamise v\u00f5imalused on v\u00e4ga suured, laske vaid fantasial lennata. Muna suurus 60x40mm.<\/p>","protected":false},"excerpt":{"rendered":"<p>Puidust munad on m\u00f5eldud kevadisteks dekoratsioonideks. Neid on v\u00f5imalik kasutada \u00fcksikult v\u00f5i siis kompositsiooni osana. Puidust munade kaunistamise v\u00f5imalused on v\u00e4ga suured, laske vaid fantasial lennata. Muna suurus 60x40mm.<\/p>","protected":false},"featured_media":4959,"template":"","meta":[],"product_brand":[],"product_cat":[263,1051,991,993],"product_tag":[],"class_list":{"0":"post-4956","1":"product","2":"type-product","3":"status-publish","4":"has-post-thumbnail","6":"product_cat-brandid","7":"product_cat-rayher","8":"product_cat-too-puiduga","9":"product_cat-toorikud","11":"first","12":"outofstock","13":"taxable","14":"shipping-taxable","15":"purchasable","16":"product-type-simple"},"jetpack_sharing_enabled":true,"_links":{"self":[{"href":"https:\/\/becreative.ee\/en\/wp-json\/wp\/v2\/product\/4956","targetHints":{"allow":["GET"]}}],"collection":[{"href":"https:\/\/becreative.ee\/en\/wp-json\/wp\/v2\/product"}],"about":[{"href":"https:\/\/becreative.ee\/en\/wp-json\/wp\/v2\/types\/product"}],"version-history":[{"count":1,"href":"https:\/\/becreative.ee\/en\/wp-json\/wp\/v2\/product\/4956\/revisions"}],"predecessor-version":[{"id":4958,"href":"https:\/\/becreative.ee\/en\/wp-json\/wp\/v2\/product\/4956\/revisions\/4958"}],"wp:featuredmedia":[{"embeddable":true,"href":"https:\/\/becreative.ee\/en\/wp-json\/wp\/v2\/media\/4959"}],"wp:attachment":[{"href":"https:\/\/becreative.ee\/en\/wp-json\/wp\/v2\/media?parent=4956"}],"wp:term":[{"taxonomy":"product_brand","embeddable":true,"href":"https:\/\/becreative.ee\/en\/wp-json\/wp\/v2\/product_brand?post=4956"},{"taxonomy":"product_cat","embeddable":true,"href":"https:\/\/becreative.ee\/en\/wp-json\/wp\/v2\/product_cat?post=4956"},{"taxonomy":"product_tag","embeddable":true,"href":"https:\/\/becreative.ee\/en\/wp-json\/wp\/v2\/product_tag?post=4956"}],"curies":[{"name":"wp","href":"https:\/\/api.w.org\/{rel}","templated":true}]}}