{"id":4970,"date":"2022-03-02T17:43:17","date_gmt":"2022-03-02T17:43:17","guid":{"rendered":"https:\/\/becreative.ee\/?post_type=product&#038;p=4970"},"modified":"2022-03-09T07:45:28","modified_gmt":"2022-03-09T07:45:28","slug":"pildi-ulekande-segu","status":"publish","type":"product","link":"https:\/\/becreative.ee\/en\/product\/pildi-ulekande-segu\/","title":{"rendered":"Pildi \u00fclekande vahend"},"content":{"rendered":"<p>Selle tootega on v\u00f5imalik laserprinteriga prinditud pilt kanda erinevatele pindadele nagu puit, metall v\u00f5i klaas. Aluspind peab olema kuiv ja puhas ning rasva- ja tolmuvaba. Ainet tuleb ohtralt kanda pinnale, kuhu pilti soovitakse paigaldada ning seej\u00e4rel prinditud paberile. Paber tuleb ettevaatlikult (prinditud pool vastu alust) asetada alusele ning siluda kinni. Lasta 8h kuivada. Seej\u00e4rel tuleb paberit k\u00e4snaga niisutada ja \u00f5rnalt hakata paberit s\u00f5rmedega maha \u00f5\u00f5ruma. Purgis 236ml.<\/p>","protected":false},"excerpt":{"rendered":"<p>Selle tootega on v\u00f5imalik laserprinteriga prinditud pilt kanda erinevatele pindadele nagu puit, metall v\u00f5i klaas. Aluspind peab olema kuiv ja puhas ning rasva- ja tolmuvaba. Ainet tuleb ohtralt kanda pinnale, kuhu pilti soovitakse paigaldada ning seej\u00e4rel prinditud paberile. Paber tuleb ettevaatlikult (prinditud pool vastu alust) asetada alusele ning siluda kinni. Lasta 8h kuivada. Seej\u00e4rel tuleb paberit k\u00e4snaga niisutada ja \u00f5rnalt hakata paberit s\u00f5rmedega maha \u00f5\u00f5ruma. Purgis 236ml.<\/p>","protected":false},"featured_media":4971,"template":"","meta":[],"product_brand":[],"product_cat":[263,1080,1051,1052],"product_tag":[],"class_list":{"0":"post-4970","1":"product","2":"type-product","3":"status-publish","4":"has-post-thumbnail","6":"product_cat-brandid","7":"product_cat-efektvarvid","8":"product_cat-rayher","9":"product_cat-varvid-2","11":"first","12":"instock","13":"taxable","14":"shipping-taxable","15":"purchasable","16":"product-type-simple"},"jetpack_sharing_enabled":true,"_links":{"self":[{"href":"https:\/\/becreative.ee\/en\/wp-json\/wp\/v2\/product\/4970","targetHints":{"allow":["GET"]}}],"collection":[{"href":"https:\/\/becreative.ee\/en\/wp-json\/wp\/v2\/product"}],"about":[{"href":"https:\/\/becreative.ee\/en\/wp-json\/wp\/v2\/types\/product"}],"version-history":[{"count":2,"href":"https:\/\/becreative.ee\/en\/wp-json\/wp\/v2\/product\/4970\/revisions"}],"predecessor-version":[{"id":4973,"href":"https:\/\/becreative.ee\/en\/wp-json\/wp\/v2\/product\/4970\/revisions\/4973"}],"wp:featuredmedia":[{"embeddable":true,"href":"https:\/\/becreative.ee\/en\/wp-json\/wp\/v2\/media\/4971"}],"wp:attachment":[{"href":"https:\/\/becreative.ee\/en\/wp-json\/wp\/v2\/media?parent=4970"}],"wp:term":[{"taxonomy":"product_brand","embeddable":true,"href":"https:\/\/becreative.ee\/en\/wp-json\/wp\/v2\/product_brand?post=4970"},{"taxonomy":"product_cat","embeddable":true,"href":"https:\/\/becreative.ee\/en\/wp-json\/wp\/v2\/product_cat?post=4970"},{"taxonomy":"product_tag","embeddable":true,"href":"https:\/\/becreative.ee\/en\/wp-json\/wp\/v2\/product_tag?post=4970"}],"curies":[{"name":"wp","href":"https:\/\/api.w.org\/{rel}","templated":true}]}}