{"id":4974,"date":"2022-03-02T17:55:53","date_gmt":"2022-03-02T17:55:53","guid":{"rendered":"https:\/\/becreative.ee\/?post_type=product&#038;p=4974"},"modified":"2022-06-14T12:03:20","modified_gmt":"2022-06-14T12:03:20","slug":"labipaistev-vahaleht-kuunaldele","status":"publish","type":"product","link":"https:\/\/becreative.ee\/en\/product\/labipaistev-vahaleht-kuunaldele\/","title":{"rendered":"L\u00e4bipaistev vahaleht k\u00fc\u00fcnaldele"},"content":{"rendered":"<p>L\u00e4bipaistev vahaleht on m\u00f5eldud k\u00fc\u00fcnalde kaunistamiseks. Pakendis kaks lehte suurusega 20x10cm.<\/p>","protected":false},"excerpt":{"rendered":"<p>L\u00e4bipaistev vahaleht on m\u00f5eldud k\u00fc\u00fcnalde kaunistamiseks. Pakendis kaks lehte suurusega 20x10cm.<\/p>","protected":false},"featured_media":4975,"template":"","meta":[],"product_brand":[],"product_cat":[263,1005,1051,1060,1065],"product_tag":[],"class_list":{"0":"post-4974","1":"product","2":"type-product","3":"status-publish","4":"has-post-thumbnail","6":"product_cat-brandid","7":"product_cat-kuunalde-valmistamine","8":"product_cat-rayher","9":"product_cat-vahad","10":"product_cat-vahendid-kaunistamiseks","12":"first","13":"instock","14":"taxable","15":"shipping-taxable","16":"purchasable","17":"product-type-simple"},"jetpack_sharing_enabled":true,"_links":{"self":[{"href":"https:\/\/becreative.ee\/en\/wp-json\/wp\/v2\/product\/4974","targetHints":{"allow":["GET"]}}],"collection":[{"href":"https:\/\/becreative.ee\/en\/wp-json\/wp\/v2\/product"}],"about":[{"href":"https:\/\/becreative.ee\/en\/wp-json\/wp\/v2\/types\/product"}],"version-history":[{"count":2,"href":"https:\/\/becreative.ee\/en\/wp-json\/wp\/v2\/product\/4974\/revisions"}],"predecessor-version":[{"id":4978,"href":"https:\/\/becreative.ee\/en\/wp-json\/wp\/v2\/product\/4974\/revisions\/4978"}],"wp:featuredmedia":[{"embeddable":true,"href":"https:\/\/becreative.ee\/en\/wp-json\/wp\/v2\/media\/4975"}],"wp:attachment":[{"href":"https:\/\/becreative.ee\/en\/wp-json\/wp\/v2\/media?parent=4974"}],"wp:term":[{"taxonomy":"product_brand","embeddable":true,"href":"https:\/\/becreative.ee\/en\/wp-json\/wp\/v2\/product_brand?post=4974"},{"taxonomy":"product_cat","embeddable":true,"href":"https:\/\/becreative.ee\/en\/wp-json\/wp\/v2\/product_cat?post=4974"},{"taxonomy":"product_tag","embeddable":true,"href":"https:\/\/becreative.ee\/en\/wp-json\/wp\/v2\/product_tag?post=4974"}],"curies":[{"name":"wp","href":"https:\/\/api.w.org\/{rel}","templated":true}]}}