{"id":4979,"date":"2022-03-02T18:35:43","date_gmt":"2022-03-02T18:35:43","guid":{"rendered":"https:\/\/becreative.ee\/?post_type=product&#038;p=4979"},"modified":"2026-01-08T13:04:40","modified_gmt":"2026-01-08T13:04:40","slug":"auguraud-oositangid","status":"publish","type":"product","link":"https:\/\/becreative.ee\/en\/product\/auguraud-oositangid\/","title":{"rendered":"Auguraud-\u00f6\u00f6sitangid"},"content":{"rendered":"<p>T\u00f6\u00f6riistaga saab teha kahes erinevas suuruses auke ning paigaldada erineva suurusega \u00f6\u00f6se. Auke saab teha l\u00e4bi paberi, naha, metalli, akr\u00fc\u00fcli, plastiku, kanga ja palju muu. T\u00f6\u00f6riist asub k\u00e4ep\u00e4rases plastikust karbis. Komplektiga on kaasas 100 \u00f6\u00f6si, 4 erinevat v\u00e4rvi, igast 25 t\u00fckki.<\/p>","protected":false},"excerpt":{"rendered":"<p>T\u00f6\u00f6riistaga saab teha kahes erinevas suuruses auke ning paigaldada erineva suurusega \u00f6\u00f6se. Auke saab teha l\u00e4bi paberi, naha, metalli, akr\u00fc\u00fcli, plastiku, kanga ja palju muu. T\u00f6\u00f6riist asub k\u00e4ep\u00e4rases plastikust karbis. Komplektiga on kaasas 100 \u00f6\u00f6si, 4 erinevat v\u00e4rvi, igast 25 t\u00fckki.<\/p>","protected":false},"featured_media":4980,"template":"","meta":[],"product_brand":[],"product_cat":[263,1410,1014,1015,1105],"product_tag":[],"class_list":{"0":"post-4979","1":"product","2":"type-product","3":"status-publish","4":"has-post-thumbnail","6":"product_cat-brandid","7":"product_cat-oosid","8":"product_cat-tood-paberiga","9":"product_cat-tooriistad-tood-paberiga","10":"product_cat-we-r-memory-keepers","12":"first","13":"instock","14":"taxable","15":"shipping-taxable","16":"purchasable","17":"product-type-simple"},"jetpack_sharing_enabled":true,"_links":{"self":[{"href":"https:\/\/becreative.ee\/en\/wp-json\/wp\/v2\/product\/4979","targetHints":{"allow":["GET"]}}],"collection":[{"href":"https:\/\/becreative.ee\/en\/wp-json\/wp\/v2\/product"}],"about":[{"href":"https:\/\/becreative.ee\/en\/wp-json\/wp\/v2\/types\/product"}],"version-history":[{"count":1,"href":"https:\/\/becreative.ee\/en\/wp-json\/wp\/v2\/product\/4979\/revisions"}],"predecessor-version":[{"id":4981,"href":"https:\/\/becreative.ee\/en\/wp-json\/wp\/v2\/product\/4979\/revisions\/4981"}],"wp:featuredmedia":[{"embeddable":true,"href":"https:\/\/becreative.ee\/en\/wp-json\/wp\/v2\/media\/4980"}],"wp:attachment":[{"href":"https:\/\/becreative.ee\/en\/wp-json\/wp\/v2\/media?parent=4979"}],"wp:term":[{"taxonomy":"product_brand","embeddable":true,"href":"https:\/\/becreative.ee\/en\/wp-json\/wp\/v2\/product_brand?post=4979"},{"taxonomy":"product_cat","embeddable":true,"href":"https:\/\/becreative.ee\/en\/wp-json\/wp\/v2\/product_cat?post=4979"},{"taxonomy":"product_tag","embeddable":true,"href":"https:\/\/becreative.ee\/en\/wp-json\/wp\/v2\/product_tag?post=4979"}],"curies":[{"name":"wp","href":"https:\/\/api.w.org\/{rel}","templated":true}]}}