{"id":5029,"date":"2022-04-01T09:24:42","date_gmt":"2022-04-01T09:24:42","guid":{"rendered":"https:\/\/becreative.ee\/?post_type=product&#038;p=5029"},"modified":"2023-12-10T21:48:31","modified_gmt":"2023-12-10T21:48:31","slug":"roostevabast-metallist-noobitoorikud-23mm","status":"publish","type":"product","link":"https:\/\/becreative.ee\/en\/product\/roostevabast-metallist-noobitoorikud-23mm\/","title":{"rendered":"Roostevabast metallist n\u00f6\u00f6bitoorikud 23mm"},"content":{"rendered":"<p>N\u00f6\u00f6bitoorikute abil on v\u00f5imalik luua erineva kujundusega n\u00f6\u00f6pe. Toorikuid v\u00f5ib katta erinevate kangastega. Lisaks on v\u00f5imalik eelnevalt kangaid dekoreerida (tikkida, v\u00e4rvida v\u00f5i joonistada riidev\u00e4rvidega jne) ja seej\u00e4rel n\u00f6\u00f6bile paigaldada. Komplekti kuulub lisaks toorikutele t\u00f6\u00f6riist kanga paigaldamiseks n\u00f6\u00f6bile ning juhend.<\/p>\n<p>&nbsp;<\/p>\n<p>N\u00f6\u00f6bi l\u00e4bim\u00f5\u00f5t: 23mm<\/p>\n<p>Kogus: 4 tk<\/p>\n<p>Pilt on illustratiivne.<\/p>","protected":false},"excerpt":{"rendered":"<p>N\u00f6\u00f6bitoorikute abil on v\u00f5imalik luua erineva kujundusega n\u00f6\u00f6pe. Toorikuid v\u00f5ib katta erinevate kangastega. Lisaks on v\u00f5imalik eelnevalt kangaid dekoreerida (tikkida, v\u00e4rvida v\u00f5i joonistada riidev\u00e4rvidega jne) ja seej\u00e4rel n\u00f6\u00f6bile paigaldada. Komplekti kuulub lisaks toorikutele t\u00f6\u00f6riist kanga paigaldamiseks n\u00f6\u00f6bile ning juhend.<\/p>\n<p>&nbsp;<\/p>\n<p>N\u00f6\u00f6bi l\u00e4bim\u00f5\u00f5t: 23mm<\/p>\n<p>Kogus: 4 tk<\/p>\n<p>Pilt on illustratiivne.<\/p>","protected":false},"featured_media":2493,"template":"","meta":[],"product_brand":[],"product_cat":[263,279,355,1192,932,272],"product_tag":[],"class_list":{"0":"post-5029","1":"product","2":"type-product","3":"status-publish","4":"has-post-thumbnail","6":"product_cat-brandid","7":"product_cat-kasitooks-vajalik","8":"product_cat-noobid","9":"product_cat-noobid-omblemine","10":"product_cat-omblemine","11":"product_cat-prym","13":"first","14":"instock","15":"taxable","16":"shipping-taxable","17":"purchasable","18":"product-type-simple"},"jetpack_sharing_enabled":true,"_links":{"self":[{"href":"https:\/\/becreative.ee\/en\/wp-json\/wp\/v2\/product\/5029","targetHints":{"allow":["GET"]}}],"collection":[{"href":"https:\/\/becreative.ee\/en\/wp-json\/wp\/v2\/product"}],"about":[{"href":"https:\/\/becreative.ee\/en\/wp-json\/wp\/v2\/types\/product"}],"version-history":[{"count":1,"href":"https:\/\/becreative.ee\/en\/wp-json\/wp\/v2\/product\/5029\/revisions"}],"predecessor-version":[{"id":5030,"href":"https:\/\/becreative.ee\/en\/wp-json\/wp\/v2\/product\/5029\/revisions\/5030"}],"wp:featuredmedia":[{"embeddable":true,"href":"https:\/\/becreative.ee\/en\/wp-json\/wp\/v2\/media\/2493"}],"wp:attachment":[{"href":"https:\/\/becreative.ee\/en\/wp-json\/wp\/v2\/media?parent=5029"}],"wp:term":[{"taxonomy":"product_brand","embeddable":true,"href":"https:\/\/becreative.ee\/en\/wp-json\/wp\/v2\/product_brand?post=5029"},{"taxonomy":"product_cat","embeddable":true,"href":"https:\/\/becreative.ee\/en\/wp-json\/wp\/v2\/product_cat?post=5029"},{"taxonomy":"product_tag","embeddable":true,"href":"https:\/\/becreative.ee\/en\/wp-json\/wp\/v2\/product_tag?post=5029"}],"curies":[{"name":"wp","href":"https:\/\/api.w.org\/{rel}","templated":true}]}}