{"id":5102,"date":"2022-09-05T08:18:15","date_gmt":"2022-09-05T08:18:15","guid":{"rendered":"https:\/\/becreative.ee\/?post_type=product&#038;p=5102"},"modified":"2026-03-11T17:05:55","modified_gmt":"2026-03-11T17:05:55","slug":"bambusest-rongas-25-cm","status":"publish","type":"product","link":"https:\/\/becreative.ee\/en\/product\/bambusest-rongas-25-cm\/","title":{"rendered":"Bambusest r\u00f5ngas 25 cm"},"content":{"rendered":"<p>Bambusest valmistatud r\u00f5ngast kasutatakse erinevate kaunistuste osana, p\u00e4rgade ja unen\u00e4op\u00fc\u00fcdjate valmistamisel, tikkimist\u00f6\u00f6de viimistlemisel, makrameet\u00f6\u00f6des ja paljudes teistes projektides. R\u00f5nga diameeter on 25 cm, paksus 2 mm ning s\u00fcgavus 1 cm.<\/p>","protected":false},"excerpt":{"rendered":"<p>Bambusest valmistatud r\u00f5ngast kasutatakse erinevate kaunistuste osana, p\u00e4rgade ja unen\u00e4op\u00fc\u00fcdjate valmistamisel, tikkimist\u00f6\u00f6de viimistlemisel, makrameet\u00f6\u00f6des ja paljudes teistes projektides. R\u00f5nga diameeter on 25 cm, paksus 2 mm ning s\u00fcgavus 1 cm.<\/p>","protected":false},"featured_media":3474,"template":"","meta":[],"product_brand":[],"product_cat":[263,989,279,912,340,914],"product_tag":[],"class_list":{"0":"post-5102","1":"product","2":"type-product","3":"status-publish","4":"has-post-thumbnail","6":"product_cat-brandid","7":"product_cat-graine-creative","8":"product_cat-kasitooks-vajalik","9":"product_cat-makramee","10":"product_cat-rongad","11":"product_cat-rongad-makramee","13":"first","14":"outofstock","15":"taxable","16":"shipping-taxable","17":"purchasable","18":"product-type-simple"},"jetpack_sharing_enabled":true,"_links":{"self":[{"href":"https:\/\/becreative.ee\/en\/wp-json\/wp\/v2\/product\/5102","targetHints":{"allow":["GET"]}}],"collection":[{"href":"https:\/\/becreative.ee\/en\/wp-json\/wp\/v2\/product"}],"about":[{"href":"https:\/\/becreative.ee\/en\/wp-json\/wp\/v2\/types\/product"}],"version-history":[{"count":1,"href":"https:\/\/becreative.ee\/en\/wp-json\/wp\/v2\/product\/5102\/revisions"}],"predecessor-version":[{"id":5103,"href":"https:\/\/becreative.ee\/en\/wp-json\/wp\/v2\/product\/5102\/revisions\/5103"}],"wp:featuredmedia":[{"embeddable":true,"href":"https:\/\/becreative.ee\/en\/wp-json\/wp\/v2\/media\/3474"}],"wp:attachment":[{"href":"https:\/\/becreative.ee\/en\/wp-json\/wp\/v2\/media?parent=5102"}],"wp:term":[{"taxonomy":"product_brand","embeddable":true,"href":"https:\/\/becreative.ee\/en\/wp-json\/wp\/v2\/product_brand?post=5102"},{"taxonomy":"product_cat","embeddable":true,"href":"https:\/\/becreative.ee\/en\/wp-json\/wp\/v2\/product_cat?post=5102"},{"taxonomy":"product_tag","embeddable":true,"href":"https:\/\/becreative.ee\/en\/wp-json\/wp\/v2\/product_tag?post=5102"}],"curies":[{"name":"wp","href":"https:\/\/api.w.org\/{rel}","templated":true}]}}