{"id":5104,"date":"2022-09-07T10:12:49","date_gmt":"2022-09-07T10:12:49","guid":{"rendered":"https:\/\/becreative.ee\/?post_type=product&#038;p=5104"},"modified":"2025-10-13T19:11:17","modified_gmt":"2025-10-13T19:11:17","slug":"triigitavad-helmed","status":"publish","type":"product","link":"https:\/\/becreative.ee\/en\/product\/triigitavad-helmed\/","title":{"rendered":"Triigitavad helmed 2 mm"},"content":{"rendered":"<p>Perlou triigitavate helmestega on v\u00f5imalik valmistada erinevaid kaunistusi, ehteid ja toredaid dekoratsioone. Asetage plastmassist helmed spetsiaalsele alusele. Katke triigitav osa k\u00fcpsetuspaberiga ning triikige sini, kuni helmed on kokku sulanud. Pange t\u00e4hele, et triikrauaga helmeste kokku sulatamine on vaid t\u00e4iskasvanute t\u00f6\u00f6. Juhime t\u00e4helepanu ka sellele, et toode sisaldab pisikesi osakesi. Sobilik kasutamiseks peale\u00a0 k\u00fcmnendat eluaastat. Pakendis 2 000 helmest l\u00e4bim\u00f5\u00f5duga 2 mm.<\/p>","protected":false},"excerpt":{"rendered":"<p>Perlou triigitavate helmestega on v\u00f5imalik valmistada erinevaid kaunistusi, ehteid ja toredaid dekoratsioone. Asetage plastmassist helmed spetsiaalsele alusele. Katke triigitav osa k\u00fcpsetuspaberiga ning triikige sini, kuni helmed on kokku sulanud. Pange t\u00e4hele, et triikrauaga helmeste kokku sulatamine on vaid t\u00e4iskasvanute t\u00f6\u00f6. Juhime t\u00e4helepanu ka sellele, et toode sisaldab pisikesi osakesi. Sobilik kasutamiseks peale\u00a0 k\u00fcmnendat eluaastat. Pakendis 2 000 helmest l\u00e4bim\u00f5\u00f5duga 2 mm.<\/p>","protected":false},"featured_media":5135,"template":"","meta":[],"product_brand":[],"product_cat":[263,989,1116,1119],"product_tag":[],"class_list":{"0":"post-5104","1":"product","2":"type-product","3":"status-publish","4":"has-post-thumbnail","6":"product_cat-brandid","7":"product_cat-graine-creative","8":"product_cat-teised-tehnikad","9":"product_cat-triigitavad-helmed","11":"first","12":"instock","13":"taxable","14":"shipping-taxable","15":"purchasable","16":"product-type-variable"},"jetpack_sharing_enabled":true,"_links":{"self":[{"href":"https:\/\/becreative.ee\/en\/wp-json\/wp\/v2\/product\/5104","targetHints":{"allow":["GET"]}}],"collection":[{"href":"https:\/\/becreative.ee\/en\/wp-json\/wp\/v2\/product"}],"about":[{"href":"https:\/\/becreative.ee\/en\/wp-json\/wp\/v2\/types\/product"}],"version-history":[{"count":2,"href":"https:\/\/becreative.ee\/en\/wp-json\/wp\/v2\/product\/5104\/revisions"}],"predecessor-version":[{"id":5157,"href":"https:\/\/becreative.ee\/en\/wp-json\/wp\/v2\/product\/5104\/revisions\/5157"}],"wp:featuredmedia":[{"embeddable":true,"href":"https:\/\/becreative.ee\/en\/wp-json\/wp\/v2\/media\/5135"}],"wp:attachment":[{"href":"https:\/\/becreative.ee\/en\/wp-json\/wp\/v2\/media?parent=5104"}],"wp:term":[{"taxonomy":"product_brand","embeddable":true,"href":"https:\/\/becreative.ee\/en\/wp-json\/wp\/v2\/product_brand?post=5104"},{"taxonomy":"product_cat","embeddable":true,"href":"https:\/\/becreative.ee\/en\/wp-json\/wp\/v2\/product_cat?post=5104"},{"taxonomy":"product_tag","embeddable":true,"href":"https:\/\/becreative.ee\/en\/wp-json\/wp\/v2\/product_tag?post=5104"}],"curies":[{"name":"wp","href":"https:\/\/api.w.org\/{rel}","templated":true}]}}