{"id":5106,"date":"2022-09-05T11:34:10","date_gmt":"2022-09-05T11:34:10","guid":{"rendered":"https:\/\/becreative.ee\/?post_type=product&#038;p=5106"},"modified":"2023-07-20T12:53:22","modified_gmt":"2023-07-20T12:53:22","slug":"kivikeste-paigaldamise-tooriist","status":"publish","type":"product","link":"https:\/\/becreative.ee\/en\/product\/kivikeste-paigaldamise-tooriist\/","title":{"rendered":"Kivikeste paigaldamise t\u00f6\u00f6riist"},"content":{"rendered":"<p>Kivikeste paigaldamise t\u00f6\u00f6riistaga saab kaunistada riideid, jalan\u00f5usid, kotte, kodutekstiili jne. Komplekti kuulub t\u00f6\u00f6riist, t\u00f6\u00f6riista hoidmise alus, 7 vahetatavat otsikut (lameotsik: 9,5 ja 5 mm ning \u00f5\u00f5nesotsik: 7, 5, 4, 3 ja 2 mm), 120 kivikest (40 roosat, 40 sinist, 40 l\u00e4bipaistvat), pisikene triikimistald. Kivikese paigaldamiseks asetage kivi soovitud asukohta ning valige vastavalt kivi suurusele otsik. Hoidke\u00a0 soojenenud t\u00f6\u00f6riista 15 sekundit kivil.<\/p>","protected":false},"excerpt":{"rendered":"<p>Kivikeste paigaldamise t\u00f6\u00f6riistaga saab kaunistada riideid, jalan\u00f5usid, kotte, kodutekstiili jne. Komplekti kuulub t\u00f6\u00f6riist, t\u00f6\u00f6riista hoidmise alus, 7 vahetatavat otsikut (lameotsik: 9,5 ja 5 mm ning \u00f5\u00f5nesotsik: 7, 5, 4, 3 ja 2 mm), 120 kivikest (40 roosat, 40 sinist, 40 l\u00e4bipaistvat), pisikene triikimistald. Kivikese paigaldamiseks asetage kivi soovitud asukohta ning valige vastavalt kivi suurusele otsik. Hoidke\u00a0 soojenenud t\u00f6\u00f6riista 15 sekundit kivil.<\/p>","protected":false},"featured_media":5107,"template":"","meta":[],"product_brand":[],"product_cat":[263,989,279,1117,1116],"product_tag":[],"class_list":{"0":"post-5106","1":"product","2":"type-product","3":"status-publish","4":"has-post-thumbnail","6":"product_cat-brandid","7":"product_cat-graine-creative","8":"product_cat-kasitooks-vajalik","9":"product_cat-kivikesed","10":"product_cat-teised-tehnikad","12":"first","13":"instock","14":"taxable","15":"shipping-taxable","16":"purchasable","17":"product-type-simple"},"jetpack_sharing_enabled":true,"_links":{"self":[{"href":"https:\/\/becreative.ee\/en\/wp-json\/wp\/v2\/product\/5106","targetHints":{"allow":["GET"]}}],"collection":[{"href":"https:\/\/becreative.ee\/en\/wp-json\/wp\/v2\/product"}],"about":[{"href":"https:\/\/becreative.ee\/en\/wp-json\/wp\/v2\/types\/product"}],"version-history":[{"count":1,"href":"https:\/\/becreative.ee\/en\/wp-json\/wp\/v2\/product\/5106\/revisions"}],"predecessor-version":[{"id":5108,"href":"https:\/\/becreative.ee\/en\/wp-json\/wp\/v2\/product\/5106\/revisions\/5108"}],"wp:featuredmedia":[{"embeddable":true,"href":"https:\/\/becreative.ee\/en\/wp-json\/wp\/v2\/media\/5107"}],"wp:attachment":[{"href":"https:\/\/becreative.ee\/en\/wp-json\/wp\/v2\/media?parent=5106"}],"wp:term":[{"taxonomy":"product_brand","embeddable":true,"href":"https:\/\/becreative.ee\/en\/wp-json\/wp\/v2\/product_brand?post=5106"},{"taxonomy":"product_cat","embeddable":true,"href":"https:\/\/becreative.ee\/en\/wp-json\/wp\/v2\/product_cat?post=5106"},{"taxonomy":"product_tag","embeddable":true,"href":"https:\/\/becreative.ee\/en\/wp-json\/wp\/v2\/product_tag?post=5106"}],"curies":[{"name":"wp","href":"https:\/\/api.w.org\/{rel}","templated":true}]}}