{"id":5109,"date":"2022-09-05T14:48:57","date_gmt":"2022-09-05T14:48:57","guid":{"rendered":"https:\/\/becreative.ee\/?post_type=product&#038;p=5109"},"modified":"2022-09-05T14:48:57","modified_gmt":"2022-09-05T14:48:57","slug":"klaasile-graveerimise-komplekt","status":"publish","type":"product","link":"https:\/\/becreative.ee\/en\/product\/klaasile-graveerimise-komplekt\/","title":{"rendered":"Klaasile graveerimise komplekt"},"content":{"rendered":"<p>T\u00f6\u00f6riistaga on v\u00f5imalik luua klaasile erinevaid kujundusi. Komplekti kuulub t\u00f6\u00f6riist, t\u00f6\u00f6riista laadija ning karp erinevate otsikutega (10 otsikut). Printige kujundus paberile ja kinnitage klaasi tagumisele k\u00fcljele. Liikuge t\u00f6\u00f6riistaga m\u00f6\u00f6da kontuure.<\/p>","protected":false},"excerpt":{"rendered":"<p>T\u00f6\u00f6riistaga on v\u00f5imalik luua klaasile erinevaid kujundusi. Komplekti kuulub t\u00f6\u00f6riist, t\u00f6\u00f6riista laadija ning karp erinevate otsikutega (10 otsikut). Printige kujundus paberile ja kinnitage klaasi tagumisele k\u00fcljele. Liikuge t\u00f6\u00f6riistaga m\u00f6\u00f6da kontuure.<\/p>","protected":false},"featured_media":5110,"template":"","meta":[],"product_brand":[],"product_cat":[263,989,1118,1116],"product_tag":[],"class_list":{"0":"post-5109","1":"product","2":"type-product","3":"status-publish","4":"has-post-thumbnail","6":"product_cat-brandid","7":"product_cat-graine-creative","8":"product_cat-graveerimine","9":"product_cat-teised-tehnikad","11":"first","12":"instock","13":"taxable","14":"shipping-taxable","15":"purchasable","16":"product-type-simple"},"jetpack_sharing_enabled":true,"_links":{"self":[{"href":"https:\/\/becreative.ee\/en\/wp-json\/wp\/v2\/product\/5109","targetHints":{"allow":["GET"]}}],"collection":[{"href":"https:\/\/becreative.ee\/en\/wp-json\/wp\/v2\/product"}],"about":[{"href":"https:\/\/becreative.ee\/en\/wp-json\/wp\/v2\/types\/product"}],"version-history":[{"count":1,"href":"https:\/\/becreative.ee\/en\/wp-json\/wp\/v2\/product\/5109\/revisions"}],"predecessor-version":[{"id":5112,"href":"https:\/\/becreative.ee\/en\/wp-json\/wp\/v2\/product\/5109\/revisions\/5112"}],"wp:featuredmedia":[{"embeddable":true,"href":"https:\/\/becreative.ee\/en\/wp-json\/wp\/v2\/media\/5110"}],"wp:attachment":[{"href":"https:\/\/becreative.ee\/en\/wp-json\/wp\/v2\/media?parent=5109"}],"wp:term":[{"taxonomy":"product_brand","embeddable":true,"href":"https:\/\/becreative.ee\/en\/wp-json\/wp\/v2\/product_brand?post=5109"},{"taxonomy":"product_cat","embeddable":true,"href":"https:\/\/becreative.ee\/en\/wp-json\/wp\/v2\/product_cat?post=5109"},{"taxonomy":"product_tag","embeddable":true,"href":"https:\/\/becreative.ee\/en\/wp-json\/wp\/v2\/product_tag?post=5109"}],"curies":[{"name":"wp","href":"https:\/\/api.w.org\/{rel}","templated":true}]}}