{"id":5113,"date":"2022-09-05T15:08:42","date_gmt":"2022-09-05T15:08:42","guid":{"rendered":"https:\/\/becreative.ee\/?post_type=product&#038;p=5113"},"modified":"2025-10-13T19:12:08","modified_gmt":"2025-10-13T19:12:08","slug":"triigitavate-helmeste-alus-2-mm-helmestele-suurem","status":"publish","type":"product","link":"https:\/\/becreative.ee\/en\/product\/triigitavate-helmeste-alus-2-mm-helmestele-suurem\/","title":{"rendered":"Triigitavate helmeste alus 2 mm helmestele &#8211; suurem"},"content":{"rendered":"<p>Alus on m\u00f5eldud 2 mm triigitavatest helmestest kujundite loomiseks. Pakend sisaldab kahte alust. \u00dcmmargune l\u00e4bim\u00f5\u00f5duga 15 cm ning kandiline m\u00f5\u00f5tmetega 14 x 14 cm.<\/p>","protected":false},"excerpt":{"rendered":"<p>Alus on m\u00f5eldud 2 mm triigitavatest helmestest kujundite loomiseks. Pakend sisaldab kahte alust. \u00dcmmargune l\u00e4bim\u00f5\u00f5duga 15 cm ning kandiline m\u00f5\u00f5tmetega 14 x 14 cm.<\/p>","protected":false},"featured_media":5114,"template":"","meta":[],"product_brand":[],"product_cat":[263,989,1116,1119],"product_tag":[],"class_list":{"0":"post-5113","1":"product","2":"type-product","3":"status-publish","4":"has-post-thumbnail","6":"product_cat-brandid","7":"product_cat-graine-creative","8":"product_cat-teised-tehnikad","9":"product_cat-triigitavad-helmed","11":"first","12":"outofstock","13":"taxable","14":"shipping-taxable","15":"purchasable","16":"product-type-simple"},"jetpack_sharing_enabled":true,"_links":{"self":[{"href":"https:\/\/becreative.ee\/en\/wp-json\/wp\/v2\/product\/5113","targetHints":{"allow":["GET"]}}],"collection":[{"href":"https:\/\/becreative.ee\/en\/wp-json\/wp\/v2\/product"}],"about":[{"href":"https:\/\/becreative.ee\/en\/wp-json\/wp\/v2\/types\/product"}],"version-history":[{"count":1,"href":"https:\/\/becreative.ee\/en\/wp-json\/wp\/v2\/product\/5113\/revisions"}],"predecessor-version":[{"id":5115,"href":"https:\/\/becreative.ee\/en\/wp-json\/wp\/v2\/product\/5113\/revisions\/5115"}],"wp:featuredmedia":[{"embeddable":true,"href":"https:\/\/becreative.ee\/en\/wp-json\/wp\/v2\/media\/5114"}],"wp:attachment":[{"href":"https:\/\/becreative.ee\/en\/wp-json\/wp\/v2\/media?parent=5113"}],"wp:term":[{"taxonomy":"product_brand","embeddable":true,"href":"https:\/\/becreative.ee\/en\/wp-json\/wp\/v2\/product_brand?post=5113"},{"taxonomy":"product_cat","embeddable":true,"href":"https:\/\/becreative.ee\/en\/wp-json\/wp\/v2\/product_cat?post=5113"},{"taxonomy":"product_tag","embeddable":true,"href":"https:\/\/becreative.ee\/en\/wp-json\/wp\/v2\/product_tag?post=5113"}],"curies":[{"name":"wp","href":"https:\/\/api.w.org\/{rel}","templated":true}]}}