{"id":5116,"date":"2022-09-05T18:36:12","date_gmt":"2022-09-05T18:36:12","guid":{"rendered":"https:\/\/becreative.ee\/?post_type=product&#038;p=5116"},"modified":"2023-06-15T19:20:03","modified_gmt":"2023-06-15T19:20:03","slug":"kahanev-must-plastik","status":"publish","type":"product","link":"https:\/\/becreative.ee\/en\/product\/kahanev-must-plastik\/","title":{"rendered":"Kahanev must plastik"},"content":{"rendered":"<p>Kahanev plastik sobib suurep\u00e4raselt ehete, v\u00f5tmehoidjate ja magnetite valmistamiseks. Mustast kahanevast plastikust aga saab ka valmistada imearmsaid t\u00e4hti, mida erinevates projektides kasutada. Lehe siledale k\u00fcljele on v\u00f5imalik p\u00fcsimarkeriga joonistada v\u00f5i kirjutada. Arvestada tuleb, et valmistatud ese kahaneb kuumutamisel 7 korda. Lehe suurus 20 x 26 cm. Pakendis on 7 lehte.<\/p>\n<p>&nbsp;<\/p>\n<p>Kasutamine:<\/p>\n<p>L\u00f5ika soovitud kujund ja soovi korral joonista sellele. Kuumuta ahi 150 <sup>o<\/sup>C ning pane t\u00f6\u00f6 fooliumiga kaetud ahjuplaadile. Lase t\u00f6\u00f6l olenevalt selle suurusest kuni viis minutit ahjus k\u00fcpseda. Asi on valmis, kui see enam krussi ei kisu. V\u00f5ta tulemus ahjust v\u00e4lja ja aseta siledale pinnale ning aseta peale (\u00e4ra suru) sile, kuid kuumakindel ese. Kasuta valmistatud eset peale selle jahtumist.<\/p>","protected":false},"excerpt":{"rendered":"<p>Kahanev plastik sobib suurep\u00e4raselt ehete, v\u00f5tmehoidjate ja magnetite valmistamiseks. Mustast kahanevast plastikust aga saab ka valmistada imearmsaid t\u00e4hti, mida erinevates projektides kasutada. Lehe siledale k\u00fcljele on v\u00f5imalik p\u00fcsimarkeriga joonistada v\u00f5i kirjutada. Arvestada tuleb, et valmistatud ese kahaneb kuumutamisel 7 korda. Lehe suurus 20 x 26 cm. Pakendis on 7 lehte.<\/p>","protected":false},"featured_media":5117,"template":"","meta":[],"product_brand":[],"product_cat":[263,989,1120,279],"product_tag":[],"class_list":{"0":"post-5116","1":"product","2":"type-product","3":"status-publish","4":"has-post-thumbnail","6":"product_cat-brandid","7":"product_cat-graine-creative","8":"product_cat-kahanev-plastik","9":"product_cat-kasitooks-vajalik","11":"first","12":"instock","13":"taxable","14":"shipping-taxable","15":"purchasable","16":"product-type-simple"},"jetpack_sharing_enabled":true,"_links":{"self":[{"href":"https:\/\/becreative.ee\/en\/wp-json\/wp\/v2\/product\/5116","targetHints":{"allow":["GET"]}}],"collection":[{"href":"https:\/\/becreative.ee\/en\/wp-json\/wp\/v2\/product"}],"about":[{"href":"https:\/\/becreative.ee\/en\/wp-json\/wp\/v2\/types\/product"}],"version-history":[{"count":5,"href":"https:\/\/becreative.ee\/en\/wp-json\/wp\/v2\/product\/5116\/revisions"}],"predecessor-version":[{"id":5122,"href":"https:\/\/becreative.ee\/en\/wp-json\/wp\/v2\/product\/5116\/revisions\/5122"}],"wp:featuredmedia":[{"embeddable":true,"href":"https:\/\/becreative.ee\/en\/wp-json\/wp\/v2\/media\/5117"}],"wp:attachment":[{"href":"https:\/\/becreative.ee\/en\/wp-json\/wp\/v2\/media?parent=5116"}],"wp:term":[{"taxonomy":"product_brand","embeddable":true,"href":"https:\/\/becreative.ee\/en\/wp-json\/wp\/v2\/product_brand?post=5116"},{"taxonomy":"product_cat","embeddable":true,"href":"https:\/\/becreative.ee\/en\/wp-json\/wp\/v2\/product_cat?post=5116"},{"taxonomy":"product_tag","embeddable":true,"href":"https:\/\/becreative.ee\/en\/wp-json\/wp\/v2\/product_tag?post=5116"}],"curies":[{"name":"wp","href":"https:\/\/api.w.org\/{rel}","templated":true}]}}