{"id":5123,"date":"2022-09-06T11:24:19","date_gmt":"2022-09-06T11:24:19","guid":{"rendered":"https:\/\/becreative.ee\/?post_type=product&#038;p=5123"},"modified":"2026-02-26T13:02:40","modified_gmt":"2026-02-26T13:02:40","slug":"kahanev-prinditav-plastik","status":"publish","type":"product","link":"https:\/\/becreative.ee\/en\/product\/kahanev-prinditav-plastik\/","title":{"rendered":"Kahanev prinditav plastik"},"content":{"rendered":"<p>Kahanev plastik sobib suurep\u00e4raselt ehete, v\u00f5tmehoidjate ja magnetite valmistamiseks. A6 suurusele lehele on v\u00f5imalik tindiprinteriga printida enda kujundus v\u00f5i foto . Arvestada tuleb, et valmistatud ese kahaneb kuumutamisel 7 korda. Lehe suurus 14,8 x 10,5 cm. Pakendis on 4 lehte.<\/p>\n<p>&nbsp;<\/p>\n<p>Kasutamine:<\/p>\n<p>Prindi lehele soovitud kujundus. Kuumuta ahi 150 <sup>o<\/sup>C ning pane t\u00f6\u00f6 fooliumiga kaetud ahjuplaadile. Lase t\u00f6\u00f6l olenevalt selle suurusest kuni viis minutit ahjus k\u00fcpseda. Asi on valmis, kui see enam krussi ei kisu. V\u00f5ta tulemus ahjust v\u00e4lja ja aseta siledale pinnale ning aseta peale (\u00e4ra suru) sile, kuid kuumakindel ese. Kasuta valmistatud eset peale selle jahtumist.<\/p>","protected":false},"excerpt":{"rendered":"<p>Kahanev plastik sobib suurep\u00e4raselt ehete, v\u00f5tmehoidjate ja magnetite valmistamiseks. A6 suurusele lehele on v\u00f5imalik tindiprinteriga printida enda kujundus v\u00f5i foto . Arvestada tuleb, et valmistatud ese kahaneb kuumutamisel 7 korda. Lehe suurus 14,8 x 10,5 cm. Pakendis on 4 lehte.<\/p>\n<p>&nbsp;<\/p>","protected":false},"featured_media":5124,"template":"","meta":[],"product_brand":[],"product_cat":[263,989,1120,279],"product_tag":[],"class_list":{"0":"post-5123","1":"product","2":"type-product","3":"status-publish","4":"has-post-thumbnail","6":"product_cat-brandid","7":"product_cat-graine-creative","8":"product_cat-kahanev-plastik","9":"product_cat-kasitooks-vajalik","11":"first","12":"instock","13":"taxable","14":"shipping-taxable","15":"purchasable","16":"product-type-simple"},"jetpack_sharing_enabled":true,"_links":{"self":[{"href":"https:\/\/becreative.ee\/en\/wp-json\/wp\/v2\/product\/5123","targetHints":{"allow":["GET"]}}],"collection":[{"href":"https:\/\/becreative.ee\/en\/wp-json\/wp\/v2\/product"}],"about":[{"href":"https:\/\/becreative.ee\/en\/wp-json\/wp\/v2\/types\/product"}],"version-history":[{"count":1,"href":"https:\/\/becreative.ee\/en\/wp-json\/wp\/v2\/product\/5123\/revisions"}],"predecessor-version":[{"id":5125,"href":"https:\/\/becreative.ee\/en\/wp-json\/wp\/v2\/product\/5123\/revisions\/5125"}],"wp:featuredmedia":[{"embeddable":true,"href":"https:\/\/becreative.ee\/en\/wp-json\/wp\/v2\/media\/5124"}],"wp:attachment":[{"href":"https:\/\/becreative.ee\/en\/wp-json\/wp\/v2\/media?parent=5123"}],"wp:term":[{"taxonomy":"product_brand","embeddable":true,"href":"https:\/\/becreative.ee\/en\/wp-json\/wp\/v2\/product_brand?post=5123"},{"taxonomy":"product_cat","embeddable":true,"href":"https:\/\/becreative.ee\/en\/wp-json\/wp\/v2\/product_cat?post=5123"},{"taxonomy":"product_tag","embeddable":true,"href":"https:\/\/becreative.ee\/en\/wp-json\/wp\/v2\/product_tag?post=5123"}],"curies":[{"name":"wp","href":"https:\/\/api.w.org\/{rel}","templated":true}]}}