{"id":5167,"date":"2022-09-07T11:20:40","date_gmt":"2022-09-07T11:20:40","guid":{"rendered":"https:\/\/becreative.ee\/?post_type=product&#038;p=5167"},"modified":"2023-07-19T13:19:48","modified_gmt":"2023-07-19T13:19:48","slug":"kangale-triigitavad-kaunistused","status":"publish","type":"product","link":"https:\/\/becreative.ee\/en\/product\/kangale-triigitavad-kaunistused\/","title":{"rendered":"Kangale triigitavad kaunistused"},"content":{"rendered":"<p>Kangale triigitavate metallist t\u00e4pikestega saab kaunistada igat eset, mis talub triikraua kuumust. Kaunistusi on v\u00f5imalik paigaldada ka spetsiaalse t\u00f6\u00f6riistaga. Asetage kaunistus soovitud kangale, katke kangas k\u00fcpsetuspaberiga ja vajutage triikrauaga sellele 30 sekundit. L\u00f5pptulemus on masinpestav 40 <sup>o<\/sup>C vees, ese p\u00f6\u00f6ratud pahupidi. Kaunistused on l\u00e4bim\u00f5\u00f5tuga 3, 4, 5 ja 6 mm.<\/p>","protected":false},"excerpt":{"rendered":"<p>Kangale triigitavate metallist t\u00e4pikestega saab kaunistada igat eset, mis talub triikraua kuumust. Kaunistusi on v\u00f5imalik paigaldada ka spetsiaalse t\u00f6\u00f6riistaga. Asetage kaunistus soovitud kangale, katke kangas k\u00fcpsetuspaberiga ja vajutage triikrauaga sellele 30 sekundit. L\u00f5pptulemus on masinpestav 40 <sup>o<\/sup>C vees, ese p\u00f6\u00f6ratud pahupidi. Kaunistused on l\u00e4bim\u00f5\u00f5tuga 3, 4, 5 ja 6 mm.<\/p>","protected":false},"featured_media":5163,"template":"","meta":[],"product_brand":[],"product_cat":[263,989,279,1117,1116],"product_tag":[],"class_list":{"0":"post-5167","1":"product","2":"type-product","3":"status-publish","4":"has-post-thumbnail","6":"product_cat-brandid","7":"product_cat-graine-creative","8":"product_cat-kasitooks-vajalik","9":"product_cat-kivikesed","10":"product_cat-teised-tehnikad","12":"first","13":"instock","14":"taxable","15":"shipping-taxable","16":"purchasable","17":"product-type-variable"},"jetpack_sharing_enabled":true,"_links":{"self":[{"href":"https:\/\/becreative.ee\/en\/wp-json\/wp\/v2\/product\/5167","targetHints":{"allow":["GET"]}}],"collection":[{"href":"https:\/\/becreative.ee\/en\/wp-json\/wp\/v2\/product"}],"about":[{"href":"https:\/\/becreative.ee\/en\/wp-json\/wp\/v2\/types\/product"}],"version-history":[{"count":1,"href":"https:\/\/becreative.ee\/en\/wp-json\/wp\/v2\/product\/5167\/revisions"}],"predecessor-version":[{"id":5174,"href":"https:\/\/becreative.ee\/en\/wp-json\/wp\/v2\/product\/5167\/revisions\/5174"}],"wp:featuredmedia":[{"embeddable":true,"href":"https:\/\/becreative.ee\/en\/wp-json\/wp\/v2\/media\/5163"}],"wp:attachment":[{"href":"https:\/\/becreative.ee\/en\/wp-json\/wp\/v2\/media?parent=5167"}],"wp:term":[{"taxonomy":"product_brand","embeddable":true,"href":"https:\/\/becreative.ee\/en\/wp-json\/wp\/v2\/product_brand?post=5167"},{"taxonomy":"product_cat","embeddable":true,"href":"https:\/\/becreative.ee\/en\/wp-json\/wp\/v2\/product_cat?post=5167"},{"taxonomy":"product_tag","embeddable":true,"href":"https:\/\/becreative.ee\/en\/wp-json\/wp\/v2\/product_tag?post=5167"}],"curies":[{"name":"wp","href":"https:\/\/api.w.org\/{rel}","templated":true}]}}