{"id":5177,"date":"2022-09-07T11:47:35","date_gmt":"2022-09-07T11:47:35","guid":{"rendered":"https:\/\/becreative.ee\/?post_type=product&#038;p=5177"},"modified":"2025-10-05T13:42:47","modified_gmt":"2025-10-05T13:42:47","slug":"pintsetid-triigitavate-helmeste-paigaldamiseks","status":"publish","type":"product","link":"https:\/\/becreative.ee\/en\/product\/pintsetid-triigitavate-helmeste-paigaldamiseks\/","title":{"rendered":"Pintsetid triigitavate helmeste paigaldamiseks"},"content":{"rendered":"<p>Triigitavad helmed on pisikesed ja tihti on n\u00e4ppudega nende \u00f5igele kohale paigutamine raske. Siinkohal tulebki appi selline pisike t\u00f6\u00f6riist.<\/p>","protected":false},"excerpt":{"rendered":"<p>Triigitavad helmed on pisikesed ja tihti on n\u00e4ppudega nende \u00f5igele kohale paigutamine raske. Siinkohal tulebki appi selline pisike t\u00f6\u00f6riist.<\/p>","protected":false},"featured_media":5178,"template":"","meta":[],"product_brand":[],"product_cat":[263,989,1116,1119],"product_tag":[],"class_list":{"0":"post-5177","1":"product","2":"type-product","3":"status-publish","4":"has-post-thumbnail","6":"product_cat-brandid","7":"product_cat-graine-creative","8":"product_cat-teised-tehnikad","9":"product_cat-triigitavad-helmed","11":"first","12":"instock","13":"taxable","14":"shipping-taxable","15":"purchasable","16":"product-type-simple"},"jetpack_sharing_enabled":true,"_links":{"self":[{"href":"https:\/\/becreative.ee\/en\/wp-json\/wp\/v2\/product\/5177","targetHints":{"allow":["GET"]}}],"collection":[{"href":"https:\/\/becreative.ee\/en\/wp-json\/wp\/v2\/product"}],"about":[{"href":"https:\/\/becreative.ee\/en\/wp-json\/wp\/v2\/types\/product"}],"version-history":[{"count":2,"href":"https:\/\/becreative.ee\/en\/wp-json\/wp\/v2\/product\/5177\/revisions"}],"predecessor-version":[{"id":5182,"href":"https:\/\/becreative.ee\/en\/wp-json\/wp\/v2\/product\/5177\/revisions\/5182"}],"wp:featuredmedia":[{"embeddable":true,"href":"https:\/\/becreative.ee\/en\/wp-json\/wp\/v2\/media\/5178"}],"wp:attachment":[{"href":"https:\/\/becreative.ee\/en\/wp-json\/wp\/v2\/media?parent=5177"}],"wp:term":[{"taxonomy":"product_brand","embeddable":true,"href":"https:\/\/becreative.ee\/en\/wp-json\/wp\/v2\/product_brand?post=5177"},{"taxonomy":"product_cat","embeddable":true,"href":"https:\/\/becreative.ee\/en\/wp-json\/wp\/v2\/product_cat?post=5177"},{"taxonomy":"product_tag","embeddable":true,"href":"https:\/\/becreative.ee\/en\/wp-json\/wp\/v2\/product_tag?post=5177"}],"curies":[{"name":"wp","href":"https:\/\/api.w.org\/{rel}","templated":true}]}}