{"id":5186,"date":"2022-09-08T10:06:24","date_gmt":"2022-09-08T10:06:24","guid":{"rendered":"https:\/\/becreative.ee\/?post_type=product&#038;p=5186"},"modified":"2022-09-08T10:51:57","modified_gmt":"2022-09-08T10:51:57","slug":"loikematt-90-x-60-cm","status":"publish","type":"product","link":"https:\/\/becreative.ee\/en\/product\/loikematt-90-x-60-cm\/","title":{"rendered":"L\u00f5ikematt 90 x 60 cm"},"content":{"rendered":"<p>L\u00f5ikematt sobib kasutamiseks nii paberit\u00f6\u00f6s, \u00f5mblemises kui teistes tegevustes, mis vajavad l\u00f5ikamist. Kergemaks hoiustamiseks k\u00e4ib l\u00f5ikematt keskelt kokku. L\u00f5ikemati suurus 90 x 60 cm.<\/p>","protected":false},"excerpt":{"rendered":"<p>L\u00f5ikematt sobib kasutamiseks nii paberit\u00f6\u00f6s, \u00f5mblemises kui teistes tegevustes, mis vajavad l\u00f5ikamist. Kergemaks hoiustamiseks k\u00e4ib l\u00f5ikematt keskelt kokku. L\u00f5ikemati suurus 90 x 60 cm.<\/p>","protected":false},"featured_media":5187,"template":"","meta":[],"product_brand":[],"product_cat":[263,989,932,934,1014,1015],"product_tag":[],"class_list":{"0":"post-5186","1":"product","2":"type-product","3":"status-publish","4":"has-post-thumbnail","6":"product_cat-brandid","7":"product_cat-graine-creative","8":"product_cat-omblemine","9":"product_cat-tarvikud","10":"product_cat-tood-paberiga","11":"product_cat-tooriistad-tood-paberiga","13":"first","14":"instock","15":"taxable","16":"shipping-taxable","17":"purchasable","18":"product-type-simple"},"jetpack_sharing_enabled":true,"_links":{"self":[{"href":"https:\/\/becreative.ee\/en\/wp-json\/wp\/v2\/product\/5186","targetHints":{"allow":["GET"]}}],"collection":[{"href":"https:\/\/becreative.ee\/en\/wp-json\/wp\/v2\/product"}],"about":[{"href":"https:\/\/becreative.ee\/en\/wp-json\/wp\/v2\/types\/product"}],"version-history":[{"count":1,"href":"https:\/\/becreative.ee\/en\/wp-json\/wp\/v2\/product\/5186\/revisions"}],"predecessor-version":[{"id":5188,"href":"https:\/\/becreative.ee\/en\/wp-json\/wp\/v2\/product\/5186\/revisions\/5188"}],"wp:featuredmedia":[{"embeddable":true,"href":"https:\/\/becreative.ee\/en\/wp-json\/wp\/v2\/media\/5187"}],"wp:attachment":[{"href":"https:\/\/becreative.ee\/en\/wp-json\/wp\/v2\/media?parent=5186"}],"wp:term":[{"taxonomy":"product_brand","embeddable":true,"href":"https:\/\/becreative.ee\/en\/wp-json\/wp\/v2\/product_brand?post=5186"},{"taxonomy":"product_cat","embeddable":true,"href":"https:\/\/becreative.ee\/en\/wp-json\/wp\/v2\/product_cat?post=5186"},{"taxonomy":"product_tag","embeddable":true,"href":"https:\/\/becreative.ee\/en\/wp-json\/wp\/v2\/product_tag?post=5186"}],"curies":[{"name":"wp","href":"https:\/\/api.w.org\/{rel}","templated":true}]}}