{"id":5216,"date":"2022-10-11T16:29:17","date_gmt":"2022-10-11T16:29:17","guid":{"rendered":"https:\/\/becreative.ee\/?post_type=product&#038;p=5216"},"modified":"2026-03-07T22:11:46","modified_gmt":"2026-03-07T22:11:46","slug":"krobisev-paber-gohandmade","status":"publish","type":"product","link":"https:\/\/becreative.ee\/en\/product\/krobisev-paber-gohandmade\/","title":{"rendered":"Kr\u00f5bisev paber Go Handmade"},"content":{"rendered":"<p>Kr\u00f5bisev paber on loodud beebide ja v\u00e4ikelaste m\u00e4nguasjade ja pehmete raamatute t\u00e4itmiseks. Paberi lisamine m\u00e4nguasjadesse paneb need lapse jaoks meeldivalt kr\u00f5bisema. Pakis on 3 lehte suurusega 40&#215;40 cm.<\/p>","protected":false},"excerpt":{"rendered":"<p>Kr\u00f5bisev paber on loodud beebide ja v\u00e4ikelaste m\u00e4nguasjade ja pehmete raamatute t\u00e4itmiseks. Paberi lisamine m\u00e4nguasjadesse paneb need lapse jaoks meeldivalt kr\u00f5bisema. Pakis on 3 lehte suurusega 40&#215;40 cm.<\/p>","protected":false},"featured_media":5217,"template":"","meta":[],"product_brand":[],"product_cat":[263,265,55,17],"product_tag":[],"class_list":{"0":"post-5216","1":"product","2":"type-product","3":"status-publish","4":"has-post-thumbnail","6":"product_cat-brandid","7":"product_cat-go-handmade","8":"product_cat-koristid","9":"product_cat-manguasjadevalmistamine","11":"first","12":"instock","13":"taxable","14":"shipping-taxable","15":"purchasable","16":"product-type-simple"},"jetpack_sharing_enabled":true,"_links":{"self":[{"href":"https:\/\/becreative.ee\/en\/wp-json\/wp\/v2\/product\/5216","targetHints":{"allow":["GET"]}}],"collection":[{"href":"https:\/\/becreative.ee\/en\/wp-json\/wp\/v2\/product"}],"about":[{"href":"https:\/\/becreative.ee\/en\/wp-json\/wp\/v2\/types\/product"}],"version-history":[{"count":2,"href":"https:\/\/becreative.ee\/en\/wp-json\/wp\/v2\/product\/5216\/revisions"}],"predecessor-version":[{"id":5219,"href":"https:\/\/becreative.ee\/en\/wp-json\/wp\/v2\/product\/5216\/revisions\/5219"}],"wp:featuredmedia":[{"embeddable":true,"href":"https:\/\/becreative.ee\/en\/wp-json\/wp\/v2\/media\/5217"}],"wp:attachment":[{"href":"https:\/\/becreative.ee\/en\/wp-json\/wp\/v2\/media?parent=5216"}],"wp:term":[{"taxonomy":"product_brand","embeddable":true,"href":"https:\/\/becreative.ee\/en\/wp-json\/wp\/v2\/product_brand?post=5216"},{"taxonomy":"product_cat","embeddable":true,"href":"https:\/\/becreative.ee\/en\/wp-json\/wp\/v2\/product_cat?post=5216"},{"taxonomy":"product_tag","embeddable":true,"href":"https:\/\/becreative.ee\/en\/wp-json\/wp\/v2\/product_tag?post=5216"}],"curies":[{"name":"wp","href":"https:\/\/api.w.org\/{rel}","templated":true}]}}