{"id":5227,"date":"2022-10-11T17:15:18","date_gmt":"2022-10-11T17:15:18","guid":{"rendered":"https:\/\/becreative.ee\/?post_type=product&#038;p=5227"},"modified":"2022-10-11T17:15:18","modified_gmt":"2022-10-11T17:15:18","slug":"kivikestega-silmuste-markerid","status":"publish","type":"product","link":"https:\/\/becreative.ee\/en\/product\/kivikestega-silmuste-markerid\/","title":{"rendered":"Kivikestega silmuste markerid"},"content":{"rendered":"<p>Eksklusiivsed kivikestega kinnised silmuste markerid abistavad teid erinevates kudumise projektides. Eriti kasulikud on need mustrite korduste m\u00e4rgistamisel. Markereid on varrastele lihtne lisada ja \u00e4ra v\u00f5tta. Pakendis on\u00a0 6 erinevat markerit, s\u00f5numiga markerite hoidja ning kott.<\/p>","protected":false},"excerpt":{"rendered":"<p>Eksklusiivsed kivikestega kinnised silmuste markerid abistavad teid erinevates kudumise projektides. Eriti kasulikud on need mustrite korduste m\u00e4rgistamisel. Markereid on varrastele lihtne lisada ja \u00e4ra v\u00f5tta. Pakendis on\u00a0 6 erinevat markerit, s\u00f5numiga markerite hoidja ning kott.<\/p>","protected":false},"featured_media":5226,"template":"","meta":[],"product_brand":[],"product_cat":[263,265,782,793],"product_tag":[],"class_list":{"0":"post-5227","1":"product","2":"type-product","3":"status-publish","4":"has-post-thumbnail","6":"product_cat-brandid","7":"product_cat-go-handmade","8":"product_cat-kudumine","9":"product_cat-markerid-kudumine","11":"first","12":"instock","13":"taxable","14":"shipping-taxable","15":"purchasable","16":"product-type-variable"},"jetpack_sharing_enabled":true,"_links":{"self":[{"href":"https:\/\/becreative.ee\/en\/wp-json\/wp\/v2\/product\/5227","targetHints":{"allow":["GET"]}}],"collection":[{"href":"https:\/\/becreative.ee\/en\/wp-json\/wp\/v2\/product"}],"about":[{"href":"https:\/\/becreative.ee\/en\/wp-json\/wp\/v2\/types\/product"}],"version-history":[{"count":1,"href":"https:\/\/becreative.ee\/en\/wp-json\/wp\/v2\/product\/5227\/revisions"}],"predecessor-version":[{"id":5231,"href":"https:\/\/becreative.ee\/en\/wp-json\/wp\/v2\/product\/5227\/revisions\/5231"}],"wp:featuredmedia":[{"embeddable":true,"href":"https:\/\/becreative.ee\/en\/wp-json\/wp\/v2\/media\/5226"}],"wp:attachment":[{"href":"https:\/\/becreative.ee\/en\/wp-json\/wp\/v2\/media?parent=5227"}],"wp:term":[{"taxonomy":"product_brand","embeddable":true,"href":"https:\/\/becreative.ee\/en\/wp-json\/wp\/v2\/product_brand?post=5227"},{"taxonomy":"product_cat","embeddable":true,"href":"https:\/\/becreative.ee\/en\/wp-json\/wp\/v2\/product_cat?post=5227"},{"taxonomy":"product_tag","embeddable":true,"href":"https:\/\/becreative.ee\/en\/wp-json\/wp\/v2\/product_tag?post=5227"}],"curies":[{"name":"wp","href":"https:\/\/api.w.org\/{rel}","templated":true}]}}