{"id":5237,"date":"2022-10-17T08:12:34","date_gmt":"2022-10-17T08:12:34","guid":{"rendered":"https:\/\/becreative.ee\/?post_type=product&#038;p=5237"},"modified":"2022-10-17T08:15:59","modified_gmt":"2022-10-17T08:15:59","slug":"tahekestega-silmuste-markerid","status":"publish","type":"product","link":"https:\/\/becreative.ee\/en\/product\/tahekestega-silmuste-markerid\/","title":{"rendered":"T\u00e4hekestega silmuste markerid"},"content":{"rendered":"<p>Eksklusiivsed t\u00e4hekestega kinnised silmuste markerid abistavad teid erinevates kudumise projektides. Eriti kasulikud on need mustrite korduste m\u00e4rgistamisel. Markereid on varrastele lihtne lisada ja \u00e4ra v\u00f5tta. Pakendis on\u00a0 2\u00a0 markerit.<\/p>","protected":false},"excerpt":{"rendered":"<p>Eksklusiivsed t\u00e4hekestega kinnised silmuste markerid abistavad teid erinevates kudumise projektides. Eriti kasulikud on need mustrite korduste m\u00e4rgistamisel. Markereid on varrastele lihtne lisada ja \u00e4ra v\u00f5tta. Pakendis on\u00a0 2\u00a0 markerit.<\/p>","protected":false},"featured_media":5241,"template":"","meta":[],"product_brand":[],"product_cat":[263,265,782,793],"product_tag":[],"class_list":{"0":"post-5237","1":"product","2":"type-product","3":"status-publish","4":"has-post-thumbnail","6":"product_cat-brandid","7":"product_cat-go-handmade","8":"product_cat-kudumine","9":"product_cat-markerid-kudumine","11":"first","12":"instock","13":"taxable","14":"shipping-taxable","15":"purchasable","16":"product-type-simple"},"jetpack_sharing_enabled":true,"_links":{"self":[{"href":"https:\/\/becreative.ee\/en\/wp-json\/wp\/v2\/product\/5237","targetHints":{"allow":["GET"]}}],"collection":[{"href":"https:\/\/becreative.ee\/en\/wp-json\/wp\/v2\/product"}],"about":[{"href":"https:\/\/becreative.ee\/en\/wp-json\/wp\/v2\/types\/product"}],"version-history":[{"count":1,"href":"https:\/\/becreative.ee\/en\/wp-json\/wp\/v2\/product\/5237\/revisions"}],"predecessor-version":[{"id":5242,"href":"https:\/\/becreative.ee\/en\/wp-json\/wp\/v2\/product\/5237\/revisions\/5242"}],"wp:featuredmedia":[{"embeddable":true,"href":"https:\/\/becreative.ee\/en\/wp-json\/wp\/v2\/media\/5241"}],"wp:attachment":[{"href":"https:\/\/becreative.ee\/en\/wp-json\/wp\/v2\/media?parent=5237"}],"wp:term":[{"taxonomy":"product_brand","embeddable":true,"href":"https:\/\/becreative.ee\/en\/wp-json\/wp\/v2\/product_brand?post=5237"},{"taxonomy":"product_cat","embeddable":true,"href":"https:\/\/becreative.ee\/en\/wp-json\/wp\/v2\/product_cat?post=5237"},{"taxonomy":"product_tag","embeddable":true,"href":"https:\/\/becreative.ee\/en\/wp-json\/wp\/v2\/product_tag?post=5237"}],"curies":[{"name":"wp","href":"https:\/\/api.w.org\/{rel}","templated":true}]}}