{"id":5286,"date":"2022-10-27T17:44:17","date_gmt":"2022-10-27T17:44:17","guid":{"rendered":"https:\/\/becreative.ee\/?post_type=product&#038;p=5286"},"modified":"2022-10-27T17:46:10","modified_gmt":"2022-10-27T17:46:10","slug":"speedballi-spaatel-kangale-trukkimiseks-356cm","status":"publish","type":"product","link":"https:\/\/becreative.ee\/en\/product\/speedballi-spaatel-kangale-trukkimiseks-356cm\/","title":{"rendered":"Speedballi spaatel kangale tr\u00fckkimiseks 35,6cm"},"content":{"rendered":"<p>Spetsiaalselt kangale tr\u00fckkimiseks loodud Speedballi spaatli servad on \u00fcmardatud selleks, et v\u00f5imalikult rohkem v\u00e4rvi l\u00e4bi raami kangale suruda. See tagab igal korral \u00fchtlase katvusega tulemuse. Duromeetri n\u00e4it kummil on 65. Spaatli laius on 35,6cm.<\/p>","protected":false},"excerpt":{"rendered":"<p>Spetsiaalselt kangale tr\u00fckkimiseks loodud Speedballi spaatli servad on \u00fcmardatud selleks, et v\u00f5imalikult rohkem v\u00e4rvi l\u00e4bi raami kangale suruda. See tagab igal korral \u00fchtlase katvusega tulemuse. Duromeetri n\u00e4it kummil on 65. Spaatli laius on 35,6cm.<\/p>","protected":false},"featured_media":5284,"template":"","meta":[],"product_brand":[],"product_cat":[263,844,846,847],"product_tag":[],"class_list":{"0":"post-5286","1":"product","2":"type-product","3":"status-publish","4":"has-post-thumbnail","6":"product_cat-brandid","7":"product_cat-siiditrukk","8":"product_cat-spaatlid","9":"product_cat-speedball","11":"first","12":"instock","13":"taxable","14":"shipping-taxable","15":"purchasable","16":"product-type-simple"},"jetpack_sharing_enabled":true,"_links":{"self":[{"href":"https:\/\/becreative.ee\/en\/wp-json\/wp\/v2\/product\/5286","targetHints":{"allow":["GET"]}}],"collection":[{"href":"https:\/\/becreative.ee\/en\/wp-json\/wp\/v2\/product"}],"about":[{"href":"https:\/\/becreative.ee\/en\/wp-json\/wp\/v2\/types\/product"}],"version-history":[{"count":1,"href":"https:\/\/becreative.ee\/en\/wp-json\/wp\/v2\/product\/5286\/revisions"}],"predecessor-version":[{"id":5287,"href":"https:\/\/becreative.ee\/en\/wp-json\/wp\/v2\/product\/5286\/revisions\/5287"}],"wp:featuredmedia":[{"embeddable":true,"href":"https:\/\/becreative.ee\/en\/wp-json\/wp\/v2\/media\/5284"}],"wp:attachment":[{"href":"https:\/\/becreative.ee\/en\/wp-json\/wp\/v2\/media?parent=5286"}],"wp:term":[{"taxonomy":"product_brand","embeddable":true,"href":"https:\/\/becreative.ee\/en\/wp-json\/wp\/v2\/product_brand?post=5286"},{"taxonomy":"product_cat","embeddable":true,"href":"https:\/\/becreative.ee\/en\/wp-json\/wp\/v2\/product_cat?post=5286"},{"taxonomy":"product_tag","embeddable":true,"href":"https:\/\/becreative.ee\/en\/wp-json\/wp\/v2\/product_tag?post=5286"}],"curies":[{"name":"wp","href":"https:\/\/api.w.org\/{rel}","templated":true}]}}