{"id":5288,"date":"2022-10-27T17:51:39","date_gmt":"2022-10-27T17:51:39","guid":{"rendered":"https:\/\/becreative.ee\/?post_type=product&#038;p=5288"},"modified":"2022-10-27T17:56:00","modified_gmt":"2022-10-27T17:56:00","slug":"speedballi-spaatel-graafiliseks-trukiks-255cm","status":"publish","type":"product","link":"https:\/\/becreative.ee\/en\/product\/speedballi-spaatel-graafiliseks-trukiks-255cm\/","title":{"rendered":"Speedballi spaatel graafiliseks tr\u00fckiks 25,5cm"},"content":{"rendered":"<p>Spetsiaalselt graafiliseks tr\u00fckkimiseks loodud Speedballi spaatli servad on ristk\u00fclikukujulise l\u00f5ikega. Teravad servad sobivad suurep\u00e4raselt graafika loomiseks paberile, papile ja puidule. Duromeetri n\u00e4it kummil on 70. Spaatli laius on 25,5cm.<\/p>","protected":false},"excerpt":{"rendered":"<p>Spetsiaalselt graafiliseks tr\u00fckkimiseks loodud Speedballi spaatli servad on ristk\u00fclikukujulise l\u00f5ikega. Teravad servad sobivad suurep\u00e4raselt graafika loomiseks paberile, papile ja puidule. Duromeetri n\u00e4it kummil on 70. Spaatli laius on 25,5cm.<\/p>","protected":false},"featured_media":5289,"template":"","meta":[],"product_brand":[],"product_cat":[263,844,846,847],"product_tag":[],"class_list":{"0":"post-5288","1":"product","2":"type-product","3":"status-publish","4":"has-post-thumbnail","6":"product_cat-brandid","7":"product_cat-siiditrukk","8":"product_cat-spaatlid","9":"product_cat-speedball","11":"first","12":"instock","13":"taxable","14":"shipping-taxable","15":"purchasable","16":"product-type-simple"},"jetpack_sharing_enabled":true,"_links":{"self":[{"href":"https:\/\/becreative.ee\/en\/wp-json\/wp\/v2\/product\/5288","targetHints":{"allow":["GET"]}}],"collection":[{"href":"https:\/\/becreative.ee\/en\/wp-json\/wp\/v2\/product"}],"about":[{"href":"https:\/\/becreative.ee\/en\/wp-json\/wp\/v2\/types\/product"}],"version-history":[{"count":1,"href":"https:\/\/becreative.ee\/en\/wp-json\/wp\/v2\/product\/5288\/revisions"}],"predecessor-version":[{"id":5290,"href":"https:\/\/becreative.ee\/en\/wp-json\/wp\/v2\/product\/5288\/revisions\/5290"}],"wp:featuredmedia":[{"embeddable":true,"href":"https:\/\/becreative.ee\/en\/wp-json\/wp\/v2\/media\/5289"}],"wp:attachment":[{"href":"https:\/\/becreative.ee\/en\/wp-json\/wp\/v2\/media?parent=5288"}],"wp:term":[{"taxonomy":"product_brand","embeddable":true,"href":"https:\/\/becreative.ee\/en\/wp-json\/wp\/v2\/product_brand?post=5288"},{"taxonomy":"product_cat","embeddable":true,"href":"https:\/\/becreative.ee\/en\/wp-json\/wp\/v2\/product_cat?post=5288"},{"taxonomy":"product_tag","embeddable":true,"href":"https:\/\/becreative.ee\/en\/wp-json\/wp\/v2\/product_tag?post=5288"}],"curies":[{"name":"wp","href":"https:\/\/api.w.org\/{rel}","templated":true}]}}