{"id":5316,"date":"2022-10-29T08:03:10","date_gmt":"2022-10-29T08:03:10","guid":{"rendered":"https:\/\/becreative.ee\/?post_type=product&#038;p=5316"},"modified":"2025-02-26T17:15:35","modified_gmt":"2025-02-26T17:15:35","slug":"speedballi-led-lamp","status":"publish","type":"product","link":"https:\/\/becreative.ee\/en\/product\/speedballi-led-lamp\/","title":{"rendered":"Speedballi LED-lamp"},"content":{"rendered":"<p>Speedballi LED-lamp on professionaalne energias\u00e4\u00e4stlik LED tehnoloogiaga lamp, mis kiirgab ultravioletvalgust. Sobib suurep\u00e4raselt k\u00f5igi valgustundlikul emulsioonil p\u00f5hinevate graafika- ja fototehnikate jaoks nagu siiditr\u00fckk, ts\u00fcanat\u00fc\u00fcpia, serigraafia jne. Lambil on must alumiiniumist korpus, 100 cm pikkune juhe ning l\u00fcliti.<\/p>","protected":false},"excerpt":{"rendered":"<p>Speedballi LED-lamp on professionaalne energias\u00e4\u00e4stlik LED tehnoloogiaga lamp, mis kiirgab ultravioletvalgust. Sobib suurep\u00e4raselt k\u00f5igi valgustundlikul emulsioonil p\u00f5hinevate graafika- ja fototehnikate jaoks nagu siiditr\u00fckk, ts\u00fcanat\u00fc\u00fcpia, serigraafia jne. Lambil on must alumiiniumist korpus, 100 cm pikkune juhe ning l\u00fcliti.<\/p>","protected":false},"featured_media":5318,"template":"","meta":[],"product_brand":[],"product_cat":[263,844,847,1151],"product_tag":[],"class_list":{"0":"post-5316","1":"product","2":"type-product","3":"status-publish","4":"has-post-thumbnail","6":"product_cat-brandid","7":"product_cat-siiditrukk","8":"product_cat-speedball","9":"product_cat-tooriistad-siiditrukk","11":"first","12":"instock","13":"taxable","14":"shipping-taxable","15":"purchasable","16":"product-type-simple"},"jetpack_sharing_enabled":true,"_links":{"self":[{"href":"https:\/\/becreative.ee\/en\/wp-json\/wp\/v2\/product\/5316","targetHints":{"allow":["GET"]}}],"collection":[{"href":"https:\/\/becreative.ee\/en\/wp-json\/wp\/v2\/product"}],"about":[{"href":"https:\/\/becreative.ee\/en\/wp-json\/wp\/v2\/types\/product"}],"version-history":[{"count":1,"href":"https:\/\/becreative.ee\/en\/wp-json\/wp\/v2\/product\/5316\/revisions"}],"predecessor-version":[{"id":5320,"href":"https:\/\/becreative.ee\/en\/wp-json\/wp\/v2\/product\/5316\/revisions\/5320"}],"wp:featuredmedia":[{"embeddable":true,"href":"https:\/\/becreative.ee\/en\/wp-json\/wp\/v2\/media\/5318"}],"wp:attachment":[{"href":"https:\/\/becreative.ee\/en\/wp-json\/wp\/v2\/media?parent=5316"}],"wp:term":[{"taxonomy":"product_brand","embeddable":true,"href":"https:\/\/becreative.ee\/en\/wp-json\/wp\/v2\/product_brand?post=5316"},{"taxonomy":"product_cat","embeddable":true,"href":"https:\/\/becreative.ee\/en\/wp-json\/wp\/v2\/product_cat?post=5316"},{"taxonomy":"product_tag","embeddable":true,"href":"https:\/\/becreative.ee\/en\/wp-json\/wp\/v2\/product_tag?post=5316"}],"curies":[{"name":"wp","href":"https:\/\/api.w.org\/{rel}","templated":true}]}}