{"id":5321,"date":"2022-10-29T08:21:27","date_gmt":"2022-10-29T08:21:27","guid":{"rendered":"https:\/\/becreative.ee\/?post_type=product&#038;p=5321"},"modified":"2023-01-11T11:07:01","modified_gmt":"2023-01-11T11:07:01","slug":"speedballi-akruul-siiditrukivarvid","status":"publish","type":"product","link":"https:\/\/becreative.ee\/en\/product\/speedballi-akruul-siiditrukivarvid\/","title":{"rendered":"Speedballi akr\u00fc\u00fcl siiditr\u00fckiv\u00e4rvid"},"content":{"rendered":"<p>Speedballi akr\u00fc\u00fclgraafikav\u00e4rvid on spetsiaalselt m\u00f5eldud siiditr\u00fcki tehnikaks. V\u00e4rv sobib paberile, papile ning puidule ning ei sisalda toksilisi aineid. Samuti on v\u00e4rvid pestavad vee ja seebiga. Pakendi suurus 946,3 ml.<\/p>\n<p>&nbsp;<\/p>\n<p>NB! Soovitatav on kaup tellida k\u00fclmal perioodil Itella pakiautomaati (k\u00fclmumise oht).<\/p>","protected":false},"excerpt":{"rendered":"<p>Speedballi akr\u00fc\u00fclgraafikav\u00e4rvid on spetsiaalselt m\u00f5eldud siiditr\u00fcki tehnikaks. V\u00e4rv sobib paberile, papile ning puidule ning ei sisalda toksilisi aineid. Samuti on v\u00e4rvid pestavad vee ja seebiga. Pakendi suurus 946,3 ml.<\/p>\n<p>&nbsp;<\/p>\n<p>NB! Soovitatav on kaup tellida k\u00fclmal perioodil Itella pakiautomaati (k\u00fclmumise oht).<\/p>","protected":false},"featured_media":5324,"template":"","meta":[],"product_brand":[],"product_cat":[263,844,847,845],"product_tag":[],"class_list":{"0":"post-5321","1":"product","2":"type-product","3":"status-publish","4":"has-post-thumbnail","6":"product_cat-brandid","7":"product_cat-siiditrukk","8":"product_cat-speedball","9":"product_cat-varvid","11":"first","12":"instock","13":"taxable","14":"shipping-taxable","15":"purchasable","16":"product-type-variable"},"jetpack_sharing_enabled":true,"_links":{"self":[{"href":"https:\/\/becreative.ee\/en\/wp-json\/wp\/v2\/product\/5321","targetHints":{"allow":["GET"]}}],"collection":[{"href":"https:\/\/becreative.ee\/en\/wp-json\/wp\/v2\/product"}],"about":[{"href":"https:\/\/becreative.ee\/en\/wp-json\/wp\/v2\/types\/product"}],"version-history":[{"count":2,"href":"https:\/\/becreative.ee\/en\/wp-json\/wp\/v2\/product\/5321\/revisions"}],"predecessor-version":[{"id":5327,"href":"https:\/\/becreative.ee\/en\/wp-json\/wp\/v2\/product\/5321\/revisions\/5327"}],"wp:featuredmedia":[{"embeddable":true,"href":"https:\/\/becreative.ee\/en\/wp-json\/wp\/v2\/media\/5324"}],"wp:attachment":[{"href":"https:\/\/becreative.ee\/en\/wp-json\/wp\/v2\/media?parent=5321"}],"wp:term":[{"taxonomy":"product_brand","embeddable":true,"href":"https:\/\/becreative.ee\/en\/wp-json\/wp\/v2\/product_brand?post=5321"},{"taxonomy":"product_cat","embeddable":true,"href":"https:\/\/becreative.ee\/en\/wp-json\/wp\/v2\/product_cat?post=5321"},{"taxonomy":"product_tag","embeddable":true,"href":"https:\/\/becreative.ee\/en\/wp-json\/wp\/v2\/product_tag?post=5321"}],"curies":[{"name":"wp","href":"https:\/\/api.w.org\/{rel}","templated":true}]}}