{"id":5411,"date":"2022-11-16T19:04:28","date_gmt":"2022-11-16T19:04:28","guid":{"rendered":"https:\/\/becreative.ee\/?post_type=product&#038;p=5411"},"modified":"2023-11-03T06:53:29","modified_gmt":"2023-11-03T06:53:29","slug":"knit-pro-heegelnoel-7-mm","status":"publish","type":"product","link":"https:\/\/becreative.ee\/en\/product\/knit-pro-heegelnoel-7-mm\/","title":{"rendered":"Knit-Pro heegeln\u00f5el 7 mm"},"content":{"rendered":"<p>Pehme k\u00e4epidemega tugev alumiiniumist heegeln\u00f5el. Igale v\u00e4rvitoonile vastab erinev heegeln\u00f5ela suurus.<\/p>","protected":false},"excerpt":{"rendered":"<p>Pehme k\u00e4epidemega tugev alumiiniumist heegeln\u00f5el. Igale v\u00e4rvitoonile vastab erinev heegeln\u00f5ela suurus.<\/p>","protected":false},"featured_media":5413,"template":"","meta":[],"product_brand":[],"product_cat":[263,783,789,321],"product_tag":[],"class_list":{"0":"post-5411","1":"product","2":"type-product","3":"status-publish","4":"has-post-thumbnail","6":"product_cat-brandid","7":"product_cat-heegeldamine","8":"product_cat-heegelnoelad-heegeldamine","9":"product_cat-knitpro","11":"first","12":"instock","13":"taxable","14":"shipping-taxable","15":"purchasable","16":"product-type-simple"},"jetpack_sharing_enabled":true,"_links":{"self":[{"href":"https:\/\/becreative.ee\/en\/wp-json\/wp\/v2\/product\/5411","targetHints":{"allow":["GET"]}}],"collection":[{"href":"https:\/\/becreative.ee\/en\/wp-json\/wp\/v2\/product"}],"about":[{"href":"https:\/\/becreative.ee\/en\/wp-json\/wp\/v2\/types\/product"}],"version-history":[{"count":1,"href":"https:\/\/becreative.ee\/en\/wp-json\/wp\/v2\/product\/5411\/revisions"}],"predecessor-version":[{"id":5414,"href":"https:\/\/becreative.ee\/en\/wp-json\/wp\/v2\/product\/5411\/revisions\/5414"}],"wp:featuredmedia":[{"embeddable":true,"href":"https:\/\/becreative.ee\/en\/wp-json\/wp\/v2\/media\/5413"}],"wp:attachment":[{"href":"https:\/\/becreative.ee\/en\/wp-json\/wp\/v2\/media?parent=5411"}],"wp:term":[{"taxonomy":"product_brand","embeddable":true,"href":"https:\/\/becreative.ee\/en\/wp-json\/wp\/v2\/product_brand?post=5411"},{"taxonomy":"product_cat","embeddable":true,"href":"https:\/\/becreative.ee\/en\/wp-json\/wp\/v2\/product_cat?post=5411"},{"taxonomy":"product_tag","embeddable":true,"href":"https:\/\/becreative.ee\/en\/wp-json\/wp\/v2\/product_tag?post=5411"}],"curies":[{"name":"wp","href":"https:\/\/api.w.org\/{rel}","templated":true}]}}