{"id":5431,"date":"2022-11-16T19:19:49","date_gmt":"2022-11-16T19:19:49","guid":{"rendered":"https:\/\/becreative.ee\/?post_type=product&#038;p=5431"},"modified":"2022-11-16T19:20:47","modified_gmt":"2022-11-16T19:20:47","slug":"knit-pro-heegelnoel-12-mm","status":"publish","type":"product","link":"https:\/\/becreative.ee\/en\/product\/knit-pro-heegelnoel-12-mm\/","title":{"rendered":"Knit-Pro heegeln\u00f5el 12 mm"},"content":{"rendered":"<p>Pehme k\u00e4epidemega tugev alumiiniumist heegeln\u00f5el. Igale v\u00e4rvitoonile vastab erinev heegeln\u00f5ela suurus.<\/p>","protected":false},"excerpt":{"rendered":"<p>Pehme k\u00e4epidemega tugev alumiiniumist heegeln\u00f5el. Igale v\u00e4rvitoonile vastab erinev heegeln\u00f5ela suurus.<\/p>","protected":false},"featured_media":5432,"template":"","meta":[],"product_brand":[],"product_cat":[263,783,789,321],"product_tag":[],"class_list":{"0":"post-5431","1":"product","2":"type-product","3":"status-publish","4":"has-post-thumbnail","6":"product_cat-brandid","7":"product_cat-heegeldamine","8":"product_cat-heegelnoelad-heegeldamine","9":"product_cat-knitpro","11":"first","12":"instock","13":"taxable","14":"shipping-taxable","15":"purchasable","16":"product-type-simple"},"jetpack_sharing_enabled":true,"_links":{"self":[{"href":"https:\/\/becreative.ee\/en\/wp-json\/wp\/v2\/product\/5431","targetHints":{"allow":["GET"]}}],"collection":[{"href":"https:\/\/becreative.ee\/en\/wp-json\/wp\/v2\/product"}],"about":[{"href":"https:\/\/becreative.ee\/en\/wp-json\/wp\/v2\/types\/product"}],"version-history":[{"count":1,"href":"https:\/\/becreative.ee\/en\/wp-json\/wp\/v2\/product\/5431\/revisions"}],"predecessor-version":[{"id":5433,"href":"https:\/\/becreative.ee\/en\/wp-json\/wp\/v2\/product\/5431\/revisions\/5433"}],"wp:featuredmedia":[{"embeddable":true,"href":"https:\/\/becreative.ee\/en\/wp-json\/wp\/v2\/media\/5432"}],"wp:attachment":[{"href":"https:\/\/becreative.ee\/en\/wp-json\/wp\/v2\/media?parent=5431"}],"wp:term":[{"taxonomy":"product_brand","embeddable":true,"href":"https:\/\/becreative.ee\/en\/wp-json\/wp\/v2\/product_brand?post=5431"},{"taxonomy":"product_cat","embeddable":true,"href":"https:\/\/becreative.ee\/en\/wp-json\/wp\/v2\/product_cat?post=5431"},{"taxonomy":"product_tag","embeddable":true,"href":"https:\/\/becreative.ee\/en\/wp-json\/wp\/v2\/product_tag?post=5431"}],"curies":[{"name":"wp","href":"https:\/\/api.w.org\/{rel}","templated":true}]}}