{"id":5436,"date":"2022-11-16T19:30:10","date_gmt":"2022-11-16T19:30:10","guid":{"rendered":"https:\/\/becreative.ee\/?post_type=product&#038;p=5436"},"modified":"2024-08-27T15:01:21","modified_gmt":"2024-08-27T15:01:21","slug":"knitpro-sokijuku-35-375","status":"publish","type":"product","link":"https:\/\/becreative.ee\/en\/product\/knitpro-sokijuku-35-375\/","title":{"rendered":"KnitPro Sokijuku 35 &#8211; 37,5"},"content":{"rendered":"<p>Kootud v\u00f5i heegeldatud t\u00f6\u00f6 saab t\u00e4iesti uue ilme peale viimistlemist. Sokkide viimistlemiseks on suurep\u00e4rane abivahend sokijuku. Peale viimistlemist on silmused \u00fchtlased ja sokk ilusa kujuga. Akr\u00fc\u00fclist valmistatud sokijuku suurus jalanumbrile 35 &#8211; 37,5.<\/p>\n<p>Komplekti kuulub kaks sokijukut.<\/p>","protected":false},"excerpt":{"rendered":"<p>Kootud v\u00f5i heegeldatud t\u00f6\u00f6 saab t\u00e4iesti uue ilme peale viimistlemist. Sokkide viimistlemiseks on suurep\u00e4rane abivahend sokijuku. Peale viimistlemist on silmused \u00fchtlased ja sokk ilusa kujuga. Akr\u00fc\u00fclist valmistatud sokijuku suurus jalanumbrile 35 &#8211; 37,5.<\/p>\n<p>Komplekti kuulub kaks sokijukut.<\/p>\n<p>&nbsp;<\/p>","protected":false},"featured_media":5440,"template":"","meta":[],"product_brand":[],"product_cat":[263,321,782,787],"product_tag":[],"class_list":{"0":"post-5436","1":"product","2":"type-product","3":"status-publish","4":"has-post-thumbnail","6":"product_cat-brandid","7":"product_cat-knitpro","8":"product_cat-kudumine","9":"product_cat-viimistlus","11":"first","12":"instock","13":"taxable","14":"shipping-taxable","15":"purchasable","16":"product-type-simple"},"jetpack_sharing_enabled":true,"_links":{"self":[{"href":"https:\/\/becreative.ee\/en\/wp-json\/wp\/v2\/product\/5436","targetHints":{"allow":["GET"]}}],"collection":[{"href":"https:\/\/becreative.ee\/en\/wp-json\/wp\/v2\/product"}],"about":[{"href":"https:\/\/becreative.ee\/en\/wp-json\/wp\/v2\/types\/product"}],"version-history":[{"count":2,"href":"https:\/\/becreative.ee\/en\/wp-json\/wp\/v2\/product\/5436\/revisions"}],"predecessor-version":[{"id":5442,"href":"https:\/\/becreative.ee\/en\/wp-json\/wp\/v2\/product\/5436\/revisions\/5442"}],"wp:featuredmedia":[{"embeddable":true,"href":"https:\/\/becreative.ee\/en\/wp-json\/wp\/v2\/media\/5440"}],"wp:attachment":[{"href":"https:\/\/becreative.ee\/en\/wp-json\/wp\/v2\/media?parent=5436"}],"wp:term":[{"taxonomy":"product_brand","embeddable":true,"href":"https:\/\/becreative.ee\/en\/wp-json\/wp\/v2\/product_brand?post=5436"},{"taxonomy":"product_cat","embeddable":true,"href":"https:\/\/becreative.ee\/en\/wp-json\/wp\/v2\/product_cat?post=5436"},{"taxonomy":"product_tag","embeddable":true,"href":"https:\/\/becreative.ee\/en\/wp-json\/wp\/v2\/product_tag?post=5436"}],"curies":[{"name":"wp","href":"https:\/\/api.w.org\/{rel}","templated":true}]}}