{"id":5454,"date":"2022-11-17T17:48:03","date_gmt":"2022-11-17T17:48:03","guid":{"rendered":"https:\/\/becreative.ee\/?post_type=product&#038;p=5454"},"modified":"2023-11-02T16:05:21","modified_gmt":"2023-11-02T16:05:21","slug":"kulgkinnitusega-pannal","status":"publish","type":"product","link":"https:\/\/becreative.ee\/en\/product\/kulgkinnitusega-pannal\/","title":{"rendered":"K\u00fclgkinnitusega pannal"},"content":{"rendered":"<p>Ideaalne kottide, seljakottide ja v\u00f6\u00f6de kinnituste valmistamiseks. M\u00f5\u00f5dud 65 x 40 mm. Sobivad kuni 31 mm laiustele rihmadele. Valmistatud tugevast plastikust.<\/p>","protected":false},"excerpt":{"rendered":"<p>Ideaalne kottide, seljakottide ja v\u00f6\u00f6de kinnituste valmistamiseks. M\u00f5\u00f5dud 65 x 40 mm. Sobivad kuni 31 mm laiustele rihmadele. Valmistatud tugevast plastikust.<\/p>","protected":false},"featured_media":5453,"template":"","meta":[],"product_brand":[],"product_cat":[279,1194,579,932],"product_tag":[],"class_list":{"0":"post-5454","1":"product","2":"type-product","3":"status-publish","4":"has-post-thumbnail","6":"product_cat-kasitooks-vajalik","7":"product_cat-kinnitused","8":"product_cat-kinnituskonksud","9":"product_cat-omblemine","11":"first","12":"instock","13":"taxable","14":"shipping-taxable","15":"purchasable","16":"product-type-variable"},"jetpack_sharing_enabled":true,"_links":{"self":[{"href":"https:\/\/becreative.ee\/en\/wp-json\/wp\/v2\/product\/5454","targetHints":{"allow":["GET"]}}],"collection":[{"href":"https:\/\/becreative.ee\/en\/wp-json\/wp\/v2\/product"}],"about":[{"href":"https:\/\/becreative.ee\/en\/wp-json\/wp\/v2\/types\/product"}],"version-history":[{"count":1,"href":"https:\/\/becreative.ee\/en\/wp-json\/wp\/v2\/product\/5454\/revisions"}],"predecessor-version":[{"id":5460,"href":"https:\/\/becreative.ee\/en\/wp-json\/wp\/v2\/product\/5454\/revisions\/5460"}],"wp:featuredmedia":[{"embeddable":true,"href":"https:\/\/becreative.ee\/en\/wp-json\/wp\/v2\/media\/5453"}],"wp:attachment":[{"href":"https:\/\/becreative.ee\/en\/wp-json\/wp\/v2\/media?parent=5454"}],"wp:term":[{"taxonomy":"product_brand","embeddable":true,"href":"https:\/\/becreative.ee\/en\/wp-json\/wp\/v2\/product_brand?post=5454"},{"taxonomy":"product_cat","embeddable":true,"href":"https:\/\/becreative.ee\/en\/wp-json\/wp\/v2\/product_cat?post=5454"},{"taxonomy":"product_tag","embeddable":true,"href":"https:\/\/becreative.ee\/en\/wp-json\/wp\/v2\/product_tag?post=5454"}],"curies":[{"name":"wp","href":"https:\/\/api.w.org\/{rel}","templated":true}]}}