{"id":5512,"date":"2023-01-15T09:16:35","date_gmt":"2023-01-15T09:16:35","guid":{"rendered":"https:\/\/becreative.ee\/?post_type=product&#038;p=5512"},"modified":"2023-11-07T17:36:20","modified_gmt":"2023-11-07T17:36:20","slug":"noelkammid-silmkoetoodete-venitamiseks","status":"publish","type":"product","link":"https:\/\/becreative.ee\/en\/product\/noelkammid-silmkoetoodete-venitamiseks\/","title":{"rendered":"N\u00f5elkammid Silmkoetoodete venitamiseks"},"content":{"rendered":"<p>Kaunilt kujundatud silmkoetoodete venitamiseks ja vormimiseks m\u00f5eldud n\u00f5elkammid on iga kuduja suureks abimeheks. Asetage niiske kudum pehmele matile ning kinnitage \u00e4\u00e4red n\u00f5elkammidega. Pakendis on 12 suuremat (8 n\u00f5elaga) kammi ning 8 v\u00e4iksemat (4 n\u00f5elaga) kammi. K\u00f5ik n\u00f5elad on valmistatud roostevabast terasest.<\/p>","protected":false},"excerpt":{"rendered":"<p>Kaunilt kujundatud silmkoetoodete venitamiseks ja vormimiseks m\u00f5eldud n\u00f5elkammid on iga kuduja suureks abimeheks. Asetage niiske kudum pehmele matile ning kinnitage \u00e4\u00e4red n\u00f5elkammidega. Pakendis on 12 suuremat (8 n\u00f5elaga) kammi ning 8 v\u00e4iksemat (4 n\u00f5elaga) kammi. K\u00f5ik n\u00f5elad on valmistatud roostevabast terasest.<\/p>","protected":false},"featured_media":5513,"template":"","meta":[],"product_brand":[],"product_cat":[263,321,782,787],"product_tag":[],"class_list":{"0":"post-5512","1":"product","2":"type-product","3":"status-publish","4":"has-post-thumbnail","6":"product_cat-brandid","7":"product_cat-knitpro","8":"product_cat-kudumine","9":"product_cat-viimistlus","11":"first","12":"instock","13":"taxable","14":"shipping-taxable","15":"purchasable","16":"product-type-simple"},"jetpack_sharing_enabled":true,"_links":{"self":[{"href":"https:\/\/becreative.ee\/en\/wp-json\/wp\/v2\/product\/5512","targetHints":{"allow":["GET"]}}],"collection":[{"href":"https:\/\/becreative.ee\/en\/wp-json\/wp\/v2\/product"}],"about":[{"href":"https:\/\/becreative.ee\/en\/wp-json\/wp\/v2\/types\/product"}],"version-history":[{"count":1,"href":"https:\/\/becreative.ee\/en\/wp-json\/wp\/v2\/product\/5512\/revisions"}],"predecessor-version":[{"id":5514,"href":"https:\/\/becreative.ee\/en\/wp-json\/wp\/v2\/product\/5512\/revisions\/5514"}],"wp:featuredmedia":[{"embeddable":true,"href":"https:\/\/becreative.ee\/en\/wp-json\/wp\/v2\/media\/5513"}],"wp:attachment":[{"href":"https:\/\/becreative.ee\/en\/wp-json\/wp\/v2\/media?parent=5512"}],"wp:term":[{"taxonomy":"product_brand","embeddable":true,"href":"https:\/\/becreative.ee\/en\/wp-json\/wp\/v2\/product_brand?post=5512"},{"taxonomy":"product_cat","embeddable":true,"href":"https:\/\/becreative.ee\/en\/wp-json\/wp\/v2\/product_cat?post=5512"},{"taxonomy":"product_tag","embeddable":true,"href":"https:\/\/becreative.ee\/en\/wp-json\/wp\/v2\/product_tag?post=5512"}],"curies":[{"name":"wp","href":"https:\/\/api.w.org\/{rel}","templated":true}]}}