{"id":5526,"date":"2023-01-15T10:01:59","date_gmt":"2023-01-15T10:01:59","guid":{"rendered":"https:\/\/becreative.ee\/?post_type=product&#038;p=5526"},"modified":"2026-03-23T18:45:53","modified_gmt":"2026-03-23T18:45:53","slug":"knitpro-ridade-loendur","status":"publish","type":"product","link":"https:\/\/becreative.ee\/en\/product\/knitpro-ridade-loendur\/","title":{"rendered":"KnitPro ridade loendur"},"content":{"rendered":"<p>Ridade loenduriga on lihtne j\u00e4lgida oma heegeldus- v\u00f5i kudumisprojekti ridu v\u00f5i loendada silmuseid. Loenduri m\u00f5\u00f5tmed 40 x 37,5 mm.<\/p>","protected":false},"excerpt":{"rendered":"<p>Ridade loenduriga on lihtne j\u00e4lgida oma heegeldus- v\u00f5i kudumisprojekti ridu v\u00f5i loendada silmuseid. Loenduri m\u00f5\u00f5tmed 40 x 37,5 mm.<\/p>","protected":false},"featured_media":5527,"template":"","meta":[],"product_brand":[],"product_cat":[263,783,785,321,782,784],"product_tag":[],"class_list":{"0":"post-5526","1":"product","2":"type-product","3":"status-publish","4":"has-post-thumbnail","6":"product_cat-brandid","7":"product_cat-heegeldamine","8":"product_cat-heegeldamise-abivahendid","9":"product_cat-knitpro","10":"product_cat-kudumine","11":"product_cat-kudumise-abivahendid","13":"first","14":"instock","15":"taxable","16":"shipping-taxable","17":"purchasable","18":"product-type-simple"},"jetpack_sharing_enabled":true,"_links":{"self":[{"href":"https:\/\/becreative.ee\/en\/wp-json\/wp\/v2\/product\/5526","targetHints":{"allow":["GET"]}}],"collection":[{"href":"https:\/\/becreative.ee\/en\/wp-json\/wp\/v2\/product"}],"about":[{"href":"https:\/\/becreative.ee\/en\/wp-json\/wp\/v2\/types\/product"}],"version-history":[{"count":1,"href":"https:\/\/becreative.ee\/en\/wp-json\/wp\/v2\/product\/5526\/revisions"}],"predecessor-version":[{"id":5528,"href":"https:\/\/becreative.ee\/en\/wp-json\/wp\/v2\/product\/5526\/revisions\/5528"}],"wp:featuredmedia":[{"embeddable":true,"href":"https:\/\/becreative.ee\/en\/wp-json\/wp\/v2\/media\/5527"}],"wp:attachment":[{"href":"https:\/\/becreative.ee\/en\/wp-json\/wp\/v2\/media?parent=5526"}],"wp:term":[{"taxonomy":"product_brand","embeddable":true,"href":"https:\/\/becreative.ee\/en\/wp-json\/wp\/v2\/product_brand?post=5526"},{"taxonomy":"product_cat","embeddable":true,"href":"https:\/\/becreative.ee\/en\/wp-json\/wp\/v2\/product_cat?post=5526"},{"taxonomy":"product_tag","embeddable":true,"href":"https:\/\/becreative.ee\/en\/wp-json\/wp\/v2\/product_tag?post=5526"}],"curies":[{"name":"wp","href":"https:\/\/api.w.org\/{rel}","templated":true}]}}