{"id":5532,"date":"2023-01-16T18:27:30","date_gmt":"2023-01-16T18:27:30","guid":{"rendered":"https:\/\/becreative.ee\/?post_type=product&#038;p=5532"},"modified":"2024-11-06T11:23:02","modified_gmt":"2024-11-06T11:23:02","slug":"nurga-ja-servakujundaja","status":"publish","type":"product","link":"https:\/\/becreative.ee\/en\/product\/nurga-ja-servakujundaja\/","title":{"rendered":"Nurga- ja servakujundaja"},"content":{"rendered":"<p>Nurga- ja servakujundajaga on v\u00f5imalik vormida kanga \u00fcmberp\u00f6\u00f6ratud nurki, servi ja kumerusi ilma kangast kahjustamata. Lisaks sobib t\u00f6\u00f6riist \u00f5mbluste laiali l\u00fckkamiseks ilma, et kasutataks triikrauda. T\u00f6\u00f6riist on abiks ka vildi, paberi ja papi voltimisel.<\/p>","protected":false},"excerpt":{"rendered":"<p>Nurga- ja servakujundajaga on v\u00f5imalik vormida kanga \u00fcmberp\u00f6\u00f6ratud nurki, servi ja kumerusi ilma kangast kahjustamata. Lisaks sobib t\u00f6\u00f6riist \u00f5mbluste laiali l\u00fckkamiseks ilma, et kasutataks triikrauda. T\u00f6\u00f6riist on abiks ka vildi, paberi ja papi voltimisel.<\/p>","protected":false},"featured_media":5533,"template":"","meta":[],"product_brand":[],"product_cat":[263,932,272,934,1014,1015],"product_tag":[],"class_list":{"0":"post-5532","1":"product","2":"type-product","3":"status-publish","4":"has-post-thumbnail","6":"product_cat-brandid","7":"product_cat-omblemine","8":"product_cat-prym","9":"product_cat-tarvikud","10":"product_cat-tood-paberiga","11":"product_cat-tooriistad-tood-paberiga","13":"first","14":"instock","15":"taxable","16":"shipping-taxable","17":"purchasable","18":"product-type-simple"},"jetpack_sharing_enabled":true,"_links":{"self":[{"href":"https:\/\/becreative.ee\/en\/wp-json\/wp\/v2\/product\/5532","targetHints":{"allow":["GET"]}}],"collection":[{"href":"https:\/\/becreative.ee\/en\/wp-json\/wp\/v2\/product"}],"about":[{"href":"https:\/\/becreative.ee\/en\/wp-json\/wp\/v2\/types\/product"}],"version-history":[{"count":1,"href":"https:\/\/becreative.ee\/en\/wp-json\/wp\/v2\/product\/5532\/revisions"}],"predecessor-version":[{"id":5534,"href":"https:\/\/becreative.ee\/en\/wp-json\/wp\/v2\/product\/5532\/revisions\/5534"}],"wp:featuredmedia":[{"embeddable":true,"href":"https:\/\/becreative.ee\/en\/wp-json\/wp\/v2\/media\/5533"}],"wp:attachment":[{"href":"https:\/\/becreative.ee\/en\/wp-json\/wp\/v2\/media?parent=5532"}],"wp:term":[{"taxonomy":"product_brand","embeddable":true,"href":"https:\/\/becreative.ee\/en\/wp-json\/wp\/v2\/product_brand?post=5532"},{"taxonomy":"product_cat","embeddable":true,"href":"https:\/\/becreative.ee\/en\/wp-json\/wp\/v2\/product_cat?post=5532"},{"taxonomy":"product_tag","embeddable":true,"href":"https:\/\/becreative.ee\/en\/wp-json\/wp\/v2\/product_tag?post=5532"}],"curies":[{"name":"wp","href":"https:\/\/api.w.org\/{rel}","templated":true}]}}