{"id":5553,"date":"2023-01-26T18:22:54","date_gmt":"2023-01-26T18:22:54","guid":{"rendered":"https:\/\/becreative.ee\/?post_type=product&#038;p=5553"},"modified":"2023-01-26T18:22:55","modified_gmt":"2023-01-26T18:22:55","slug":"siiditruki-glitter","status":"publish","type":"product","link":"https:\/\/becreative.ee\/en\/product\/siiditruki-glitter\/","title":{"rendered":"Siiditr\u00fcki glitter"},"content":{"rendered":"<p>Suurep\u00e4rane lisand siiditr\u00fckile s\u00e4deluse andmiseks. Sobib kasutamiseks k\u00f5igi Speedballi kanga siiditr\u00fcki v\u00e4rvidega. Pakend 48 g.<\/p>\n<p>Kasutamine:<\/p>\n<p>Lisada v\u00e4rvile soovitud kogus glittrit ning segada korralikult. Kasutada segatud v\u00e4rvi nagu tavaliselt.<\/p>","protected":false},"excerpt":{"rendered":"<p>Suurep\u00e4rane lisand siiditr\u00fckile s\u00e4deluse andmiseks. Sobib kasutamiseks k\u00f5igi Speedballi kanga siiditr\u00fcki v\u00e4rvidega. Pakend 48 g.<\/p>\n<p>Kasutamine:<\/p>\n<p>Lisada v\u00e4rvile soovitud kogus glittrit ning segada korralikult. Kasutada segatud v\u00e4rvi nagu tavaliselt.<\/p>","protected":false},"featured_media":5554,"template":"","meta":[],"product_brand":[],"product_cat":[263,844,847,845],"product_tag":[],"class_list":{"0":"post-5553","1":"product","2":"type-product","3":"status-publish","4":"has-post-thumbnail","6":"product_cat-brandid","7":"product_cat-siiditrukk","8":"product_cat-speedball","9":"product_cat-varvid","11":"first","12":"instock","13":"taxable","14":"shipping-taxable","15":"purchasable","16":"product-type-simple"},"jetpack_sharing_enabled":true,"_links":{"self":[{"href":"https:\/\/becreative.ee\/en\/wp-json\/wp\/v2\/product\/5553","targetHints":{"allow":["GET"]}}],"collection":[{"href":"https:\/\/becreative.ee\/en\/wp-json\/wp\/v2\/product"}],"about":[{"href":"https:\/\/becreative.ee\/en\/wp-json\/wp\/v2\/types\/product"}],"version-history":[{"count":1,"href":"https:\/\/becreative.ee\/en\/wp-json\/wp\/v2\/product\/5553\/revisions"}],"predecessor-version":[{"id":5555,"href":"https:\/\/becreative.ee\/en\/wp-json\/wp\/v2\/product\/5553\/revisions\/5555"}],"wp:featuredmedia":[{"embeddable":true,"href":"https:\/\/becreative.ee\/en\/wp-json\/wp\/v2\/media\/5554"}],"wp:attachment":[{"href":"https:\/\/becreative.ee\/en\/wp-json\/wp\/v2\/media?parent=5553"}],"wp:term":[{"taxonomy":"product_brand","embeddable":true,"href":"https:\/\/becreative.ee\/en\/wp-json\/wp\/v2\/product_brand?post=5553"},{"taxonomy":"product_cat","embeddable":true,"href":"https:\/\/becreative.ee\/en\/wp-json\/wp\/v2\/product_cat?post=5553"},{"taxonomy":"product_tag","embeddable":true,"href":"https:\/\/becreative.ee\/en\/wp-json\/wp\/v2\/product_tag?post=5553"}],"curies":[{"name":"wp","href":"https:\/\/api.w.org\/{rel}","templated":true}]}}