{"id":5556,"date":"2023-01-26T18:49:27","date_gmt":"2023-01-26T18:49:27","guid":{"rendered":"https:\/\/becreative.ee\/?post_type=product&#038;p=5556"},"modified":"2023-12-29T10:55:21","modified_gmt":"2023-12-29T10:55:21","slug":"speedball-puff","status":"publish","type":"product","link":"https:\/\/becreative.ee\/en\/product\/speedball-puff\/","title":{"rendered":"Speedball PUFF"},"content":{"rendered":"<p>See lahe toode tekidab siiditr\u00fckitud pildile puhvis efekti. Lisandit v\u00f5ib segada k\u00f5igi Speedballi kangale m\u00f5eldud v\u00e4rvidega. Pakend 118,2 ml.<\/p>\n<p>Kasutamine:<\/p>\n<p>Pane anumasse soovitud kogus v\u00e4rvi ja lisa 30% PUFF kreemi. Sega korralikult. Kasuta nagu tavaliselt. Kui v\u00e4rv on veel m\u00e4rg kuumuta pilti 135 <span class=\"font5\"><sup>0<\/sup><\/span><span class=\"font0\">C<\/span>\u00a0juures kuumapuhuriga. Kindlasti \u00e4ra kuumuta pilti liiga kaua. Enne pesemist lase pildil 72 h seista.<\/p>","protected":false},"excerpt":{"rendered":"<p>See lahe toode tekidab siiditr\u00fckitud pildile puhvis efekti. Lisandit v\u00f5ib segada k\u00f5igi Speedballi kangale m\u00f5eldud v\u00e4rvidega. Pakend 118,2 ml.<\/p>\n<p>Kasutamine:<\/p>\n<p>Pane anumasse soovitud kogus v\u00e4rvi ja lisa 30% PUFF kreemi. Sega korralikult. Kasuta nagu tavaliselt. Kui v\u00e4rv on veel m\u00e4rg kuumuta pilti 135 <span class=\"font5\"><sup>0<\/sup><\/span><span class=\"font0\">C<\/span>\u00a0juures kuumapuhuriga. Kindlasti \u00e4ra kuumuta pilti liiga kaua. Enne pesemist lase pildil 72 h seista.<\/p>","protected":false},"featured_media":5557,"template":"","meta":[],"product_brand":[],"product_cat":[263,844,847,845],"product_tag":[],"class_list":{"0":"post-5556","1":"product","2":"type-product","3":"status-publish","4":"has-post-thumbnail","6":"product_cat-brandid","7":"product_cat-siiditrukk","8":"product_cat-speedball","9":"product_cat-varvid","11":"first","12":"instock","13":"taxable","14":"shipping-taxable","15":"purchasable","16":"product-type-simple"},"jetpack_sharing_enabled":true,"_links":{"self":[{"href":"https:\/\/becreative.ee\/en\/wp-json\/wp\/v2\/product\/5556","targetHints":{"allow":["GET"]}}],"collection":[{"href":"https:\/\/becreative.ee\/en\/wp-json\/wp\/v2\/product"}],"about":[{"href":"https:\/\/becreative.ee\/en\/wp-json\/wp\/v2\/types\/product"}],"version-history":[{"count":2,"href":"https:\/\/becreative.ee\/en\/wp-json\/wp\/v2\/product\/5556\/revisions"}],"predecessor-version":[{"id":5559,"href":"https:\/\/becreative.ee\/en\/wp-json\/wp\/v2\/product\/5556\/revisions\/5559"}],"wp:featuredmedia":[{"embeddable":true,"href":"https:\/\/becreative.ee\/en\/wp-json\/wp\/v2\/media\/5557"}],"wp:attachment":[{"href":"https:\/\/becreative.ee\/en\/wp-json\/wp\/v2\/media?parent=5556"}],"wp:term":[{"taxonomy":"product_brand","embeddable":true,"href":"https:\/\/becreative.ee\/en\/wp-json\/wp\/v2\/product_brand?post=5556"},{"taxonomy":"product_cat","embeddable":true,"href":"https:\/\/becreative.ee\/en\/wp-json\/wp\/v2\/product_cat?post=5556"},{"taxonomy":"product_tag","embeddable":true,"href":"https:\/\/becreative.ee\/en\/wp-json\/wp\/v2\/product_tag?post=5556"}],"curies":[{"name":"wp","href":"https:\/\/api.w.org\/{rel}","templated":true}]}}